{"id":3244,"date":"2025-10-23T14:25:09","date_gmt":"2025-10-23T14:25:09","guid":{"rendered":"https:\/\/www.nominaurea.pt\/politica-de-privacidade\/"},"modified":"2025-10-30T08:27:55","modified_gmt":"2025-10-30T08:27:55","slug":"politica-de-privacidad","status":"publish","type":"page","link":"https:\/\/www.nominaurea.pt\/es\/politica-de-privacidad\/","title":{"rendered":"Pol\u00edtica de Privacidad"},"content":{"rendered":"\t\t<div data-elementor-type=\"wp-page\" data-elementor-id=\"3244\" class=\"elementor elementor-3244 elementor-3239\" data-elementor-post-type=\"page\">\n\t\t\t\t<div class=\"elementor-element elementor-element-fbd3fac e-flex e-con-boxed e-con e-parent\" data-id=\"fbd3fac\" data-element_type=\"container\" data-e-type=\"container\" data-settings=\"{&quot;background_background&quot;:&quot;classic&quot;}\">\n\t\t\t\t\t<div class=\"e-con-inner\">\n\t\t\t\t<div class=\"elementor-element elementor-element-73cea6bb elementor-widget elementor-widget-heading\" data-id=\"73cea6bb\" data-element_type=\"widget\" data-e-type=\"widget\" data-widget_type=\"heading.default\">\n\t\t\t\t\t<h1 class=\"elementor-heading-title elementor-size-default\">Pol\u00edtica de Privacidad<\/h1>\t\t\t\t<\/div>\n\t\t\t\t\t<\/div>\n\t\t\t\t<\/div>\n\t\t<div class=\"elementor-element elementor-element-9393507 e-flex e-con-boxed e-con e-parent\" data-id=\"9393507\" data-element_type=\"container\" data-e-type=\"container\">\n\t\t\t\t\t<div class=\"e-con-inner\">\n\t\t<div class=\"elementor-element elementor-element-d1978f7 e-con-full e-flex e-con e-child\" data-id=\"d1978f7\" data-element_type=\"container\" data-e-type=\"container\">\n\t\t\t\t<div class=\"elementor-element elementor-element-0f08eb0 elementor-widget elementor-widget-text-editor\" data-id=\"0f08eb0\" data-element_type=\"widget\" data-e-type=\"widget\" data-widget_type=\"text-editor.default\">\n\t\t\t\t\t\t\t\t\t<p data-start=\"0\" data-end=\"460\">La presente Pol\u00edtica de Privacidad describe c\u00f3mo la <strong>NOMINAUREA \u2013 CONSULTORIA FISCAL E CONTABILIDADE, LDA. (\u201cNominaurea\u201d)<\/strong>, NIPC 507753712, con sede en la Avenida Duque d\u2019\u00c1vila, n.\u00ba 141, 1.\u00ba izquierdo, 1050-081 Lisboa, tel\u00e9fono (+351) 210 539 673 y correo electr\u00f3nico <a class=\"decorated-link cursor-pointer\" rel=\"noopener\" data-start=\"266\" data-end=\"285\">geral@nominaurea.pt<\/a>, trata los datos personales recogidos a trav\u00e9s del sitio web <a class=\"decorated-link\" href=\"https:\/\/www.nominaurea.pt\" target=\"_new\" rel=\"noopener\" data-start=\"347\" data-end=\"372\">https:\/\/www.nominaurea.pt<\/a> y en el \u00e1mbito de sus actividades profesionales de contabilidad y consultor\u00eda fiscal.<\/p><p data-start=\"462\" data-end=\"632\" data-is-last-node=\"\" data-is-only-node=\"\">Nominaurea garantiza que el tratamiento de los datos personales se realiza de conformidad con el Reglamento (UE) 2016\/679 (RGPD) y con la Ley n.\u00ba 58\/2019, de 8 de agosto.<\/p>\t\t\t\t\t\t\t\t<\/div>\n\t\t\t\t<\/div>\n\t\t<div class=\"elementor-element elementor-element-8b1364e e-con-full e-flex e-con e-child\" data-id=\"8b1364e\" data-element_type=\"container\" data-e-type=\"container\">\n\t\t\t\t<div class=\"elementor-element elementor-element-05b267d elementor-widget elementor-widget-heading\" data-id=\"05b267d\" data-element_type=\"widget\" data-e-type=\"widget\" data-widget_type=\"heading.default\">\n\t\t\t\t\t<h5 class=\"elementor-heading-title elementor-size-default\">1. Responsable del tratamiento<\/h5>\t\t\t\t<\/div>\n\t\t\t\t<div class=\"elementor-element elementor-element-44987f9 elementor-widget elementor-widget-text-editor\" data-id=\"44987f9\" data-element_type=\"widget\" data-e-type=\"widget\" data-widget_type=\"text-editor.default\">\n\t\t\t\t\t\t\t\t\t<p data-start=\"0\" data-end=\"216\">La responsable del tratamiento de los datos personales es <strong>Nominaurea \u2013 Consultoria Fiscal e Contabilidade, Lda.<\/strong>, entidad que determina las finalidades y los medios del tratamiento de los datos personales recogidos.<\/p><p data-start=\"218\" data-end=\"345\" data-is-last-node=\"\" data-is-only-node=\"\">Contactos:<br data-start=\"228\" data-end=\"231\" \/>\ud83d\udccd Avenida Duque d\u2019\u00c1vila, n.\u00ba 141, 1.\u00ba izquierdo, 1050-081 Lisboa<br data-start=\"296\" data-end=\"299\" \/>\ud83d\udcde (+351) 210 539 673<br data-start=\"320\" data-end=\"323\" \/>\u2709\ufe0f <a class=\"decorated-link cursor-pointer\" rel=\"noopener\" data-start=\"326\" data-end=\"345\" data-is-last-node=\"\">geral@nominaurea.pt<\/a><\/p>\t\t\t\t\t\t\t\t<\/div>\n\t\t\t\t<\/div>\n\t\t<div class=\"elementor-element elementor-element-752a2c1 e-con-full e-flex e-con e-child\" data-id=\"752a2c1\" data-element_type=\"container\" data-e-type=\"container\">\n\t\t\t\t<div class=\"elementor-element elementor-element-5601e48 elementor-widget elementor-widget-heading\" data-id=\"5601e48\" data-element_type=\"widget\" data-e-type=\"widget\" data-widget_type=\"heading.default\">\n\t\t\t\t\t<h5 class=\"elementor-heading-title elementor-size-default\">2. Datos personales recopilados<\/h5>\t\t\t\t<\/div>\n\t\t\t\t<div class=\"elementor-element elementor-element-d8f335f elementor-widget elementor-widget-text-editor\" data-id=\"d8f335f\" data-element_type=\"widget\" data-e-type=\"widget\" data-widget_type=\"text-editor.default\">\n\t\t\t\t\t\t\t\t\t<p data-start=\"0\" data-end=\"84\">Nominaurea puede recopilar y tratar las siguientes categor\u00edas de datos personales:<\/p><ul data-start=\"86\" data-end=\"369\" data-is-last-node=\"\" data-is-only-node=\"\"><li data-start=\"86\" data-end=\"108\"><p data-start=\"88\" data-end=\"108\">Nombre y apellidos<\/p><\/li><li data-start=\"109\" data-end=\"144\"><p data-start=\"111\" data-end=\"144\">Direcci\u00f3n de correo electr\u00f3nico<\/p><\/li><li data-start=\"145\" data-end=\"167\"><p data-start=\"147\" data-end=\"167\">N\u00famero de tel\u00e9fono<\/p><\/li><li data-start=\"168\" data-end=\"209\"><p data-start=\"170\" data-end=\"209\">Empresa o entidad a la que representa<\/p><\/li><li data-start=\"210\" data-end=\"244\"><p data-start=\"212\" data-end=\"244\">Datos de identificaci\u00f3n fiscal<\/p><\/li><li data-start=\"245\" data-end=\"369\" data-is-last-node=\"\"><p data-start=\"247\" data-end=\"369\" data-is-last-node=\"\">Informaci\u00f3n incluida en los mensajes o solicitudes enviadas a trav\u00e9s del formulario de contacto disponible en el sitio web<\/p><\/li><\/ul>\t\t\t\t\t\t\t\t<\/div>\n\t\t\t\t<\/div>\n\t\t<div class=\"elementor-element elementor-element-32028d9 e-con-full e-flex e-con e-child\" data-id=\"32028d9\" data-element_type=\"container\" data-e-type=\"container\">\n\t\t\t\t<div class=\"elementor-element elementor-element-1e402fc elementor-widget elementor-widget-heading\" data-id=\"1e402fc\" data-element_type=\"widget\" data-e-type=\"widget\" data-widget_type=\"heading.default\">\n\t\t\t\t\t<h5 class=\"elementor-heading-title elementor-size-default\">3. Finalidades del tratamiento<\/h5>\t\t\t\t<\/div>\n\t\t\t\t<div class=\"elementor-element elementor-element-76012cb elementor-widget elementor-widget-text-editor\" data-id=\"76012cb\" data-element_type=\"widget\" data-e-type=\"widget\" data-widget_type=\"text-editor.default\">\n\t\t\t\t\t\t\t\t\t<p data-start=\"0\" data-end=\"64\">Los datos personales se tratan con las siguientes finalidades:<\/p><ul data-start=\"66\" data-end=\"448\"><li data-start=\"66\" data-end=\"178\"><p data-start=\"68\" data-end=\"178\">Responder a solicitudes de contacto, aclaraciones o propuestas de servicios enviadas a trav\u00e9s del sitio web.<\/p><\/li><li data-start=\"179\" data-end=\"255\"><p data-start=\"181\" data-end=\"255\">Gesti\u00f3n administrativa y contractual de clientes y potenciales clientes.<\/p><\/li><li data-start=\"256\" data-end=\"342\"><p data-start=\"258\" data-end=\"342\">Cumplimiento de obligaciones legales, en particular de car\u00e1cter fiscal y contable.<\/p><\/li><li data-start=\"343\" data-end=\"448\"><p data-start=\"345\" data-end=\"448\">Comunicaci\u00f3n institucional o informativa, cuando el titular haya manifestado su inter\u00e9s en recibirla.<\/p><\/li><\/ul><p data-start=\"450\" data-end=\"576\" data-is-last-node=\"\" data-is-only-node=\"\">Nominaurea no utiliza los datos personales con fines de marketing directo ni realiza la elaboraci\u00f3n de perfiles automatizados.<\/p>\t\t\t\t\t\t\t\t<\/div>\n\t\t\t\t<\/div>\n\t\t<div class=\"elementor-element elementor-element-d01fa8d e-con-full e-flex e-con e-child\" data-id=\"d01fa8d\" data-element_type=\"container\" data-e-type=\"container\">\n\t\t\t\t<div class=\"elementor-element elementor-element-2dd0506 elementor-widget elementor-widget-heading\" data-id=\"2dd0506\" data-element_type=\"widget\" data-e-type=\"widget\" data-widget_type=\"heading.default\">\n\t\t\t\t\t<h5 class=\"elementor-heading-title elementor-size-default\">4. Base jur\u00eddica<\/h5>\t\t\t\t<\/div>\n\t\t\t\t<div class=\"elementor-element elementor-element-5fd2f54 elementor-widget elementor-widget-text-editor\" data-id=\"5fd2f54\" data-element_type=\"widget\" data-e-type=\"widget\" data-widget_type=\"text-editor.default\">\n\t\t\t\t\t\t\t\t\t<p data-start=\"0\" data-end=\"52\">El tratamiento de los datos personales se basa en:<\/p><ul data-start=\"54\" data-end=\"447\" data-is-last-node=\"\" data-is-only-node=\"\"><li data-start=\"54\" data-end=\"204\"><p data-start=\"56\" data-end=\"204\">La <strong>ejecuci\u00f3n de diligencias precontractuales o contractuales<\/strong>, cuando el tratamiento sea necesario para la prestaci\u00f3n de los servicios solicitados.<\/p><\/li><li data-start=\"205\" data-end=\"312\"><p data-start=\"207\" data-end=\"312\">El <strong>cumplimiento de obligaciones legales<\/strong>, en especial las derivadas de la legislaci\u00f3n fiscal y contable.<\/p><\/li><li data-start=\"313\" data-end=\"447\" data-is-last-node=\"\"><p data-start=\"315\" data-end=\"447\" data-is-last-node=\"\">El <strong>consentimiento del titular de los datos<\/strong>, cuando resulte aplicable (por ejemplo, para el env\u00edo de comunicaciones institucionales).<\/p><\/li><\/ul>\t\t\t\t\t\t\t\t<\/div>\n\t\t\t\t<\/div>\n\t\t<div class=\"elementor-element elementor-element-aaa7390 e-con-full e-flex e-con e-child\" data-id=\"aaa7390\" data-element_type=\"container\" data-e-type=\"container\">\n\t\t\t\t<div class=\"elementor-element elementor-element-2c31ebe elementor-widget elementor-widget-heading\" data-id=\"2c31ebe\" data-element_type=\"widget\" data-e-type=\"widget\" data-widget_type=\"heading.default\">\n\t\t\t\t\t<h5 class=\"elementor-heading-title elementor-size-default\">5. Conservaci\u00f3n de los datos<\/h5>\t\t\t\t<\/div>\n\t\t\t\t<div class=\"elementor-element elementor-element-09ade11 elementor-widget elementor-widget-text-editor\" data-id=\"09ade11\" data-element_type=\"widget\" data-e-type=\"widget\" data-widget_type=\"text-editor.default\">\n\t\t\t\t\t\t\t\t\t<p data-start=\"0\" data-end=\"246\">Los datos personales se conservan \u00fanicamente durante el per\u00edodo estrictamente necesario para cumplir con las finalidades que motivaron su recogida, respetando los plazos legales de conservaci\u00f3n establecidos por la legislaci\u00f3n fiscal y contable.<\/p><p data-start=\"248\" data-end=\"342\" data-is-last-node=\"\" data-is-only-node=\"\">Una vez transcurrido dicho per\u00edodo, los datos ser\u00e1n eliminados o anonimizados de forma segura.<\/p>\t\t\t\t\t\t\t\t<\/div>\n\t\t\t\t<\/div>\n\t\t<div class=\"elementor-element elementor-element-aaa19bf e-con-full e-flex e-con e-child\" data-id=\"aaa19bf\" data-element_type=\"container\" data-e-type=\"container\">\n\t\t\t\t<div class=\"elementor-element elementor-element-95a706c elementor-widget elementor-widget-heading\" data-id=\"95a706c\" data-element_type=\"widget\" data-e-type=\"widget\" data-widget_type=\"heading.default\">\n\t\t\t\t\t<h5 class=\"elementor-heading-title elementor-size-default\">6. Comunicaci\u00f3n de datos a terceros<\/h5>\t\t\t\t<\/div>\n\t\t\t\t<div class=\"elementor-element elementor-element-ebc7f3a elementor-widget elementor-widget-text-editor\" data-id=\"ebc7f3a\" data-element_type=\"widget\" data-e-type=\"widget\" data-widget_type=\"text-editor.default\">\n\t\t\t\t\t\t\t\t\t<p data-start=\"0\" data-end=\"104\">Los datos personales podr\u00e1n ser comunicados a entidades externas \u00fanicamente cuando sea necesario para:<\/p><ul data-start=\"106\" data-end=\"416\"><li data-start=\"106\" data-end=\"250\"><p data-start=\"108\" data-end=\"250\">El cumplimiento de obligaciones legales (por ejemplo, la Autoridad Tributaria, la Seguridad Social u otros organismos p\u00fablicos competentes).<\/p><\/li><li data-start=\"251\" data-end=\"416\"><p data-start=\"253\" data-end=\"416\">La ejecuci\u00f3n de servicios de apoyo t\u00e9cnico, alojamiento web o mantenimiento de sistemas inform\u00e1ticos, siempre bajo contrato escrito y en conformidad con el RGPD.<\/p><\/li><\/ul><p data-start=\"418\" data-end=\"756\">En determinadas situaciones, especialmente en el marco de servicios de procesamiento de n\u00f3minas y\/o gesti\u00f3n de recursos humanos de clientes, Nominaurea act\u00faa como encargada del tratamiento, gestionando los datos personales por cuenta y bajo las instrucciones del cliente, quien asume la condici\u00f3n de responsable del tratamiento.<\/p><p data-start=\"758\" data-end=\"1020\">En estos casos, Nominaurea garantiza el cumplimiento de las obligaciones previstas en el art\u00edculo 28 del RGPD, incluidas la confidencialidad, la seguridad, la limitaci\u00f3n de la finalidad y la devoluci\u00f3n o eliminaci\u00f3n de los datos una vez finalizado el contrato.<\/p><p data-start=\"1022\" data-end=\"1069\" data-is-last-node=\"\" data-is-only-node=\"\">Nominaurea no cede datos personales a terceros.<\/p>\t\t\t\t\t\t\t\t<\/div>\n\t\t\t\t<\/div>\n\t\t<div class=\"elementor-element elementor-element-05a3c4f e-con-full e-flex e-con e-child\" data-id=\"05a3c4f\" data-element_type=\"container\" data-e-type=\"container\">\n\t\t\t\t<div class=\"elementor-element elementor-element-d43b994 elementor-widget elementor-widget-heading\" data-id=\"d43b994\" data-element_type=\"widget\" data-e-type=\"widget\" data-widget_type=\"heading.default\">\n\t\t\t\t\t<h5 class=\"elementor-heading-title elementor-size-default\">7. Transferencias internacionales de datos<\/h5>\t\t\t\t<\/div>\n\t\t\t\t<div class=\"elementor-element elementor-element-2ef4d1f elementor-widget elementor-widget-text-editor\" data-id=\"2ef4d1f\" data-element_type=\"widget\" data-e-type=\"widget\" data-widget_type=\"text-editor.default\">\n\t\t\t\t\t\t\t\t\t<p data-start=\"0\" data-end=\"97\">Como regla general, los datos personales no se transfieren fuera del Espacio Econ\u00f3mico Europeo.<\/p><p data-start=\"99\" data-end=\"407\" data-is-last-node=\"\" data-is-only-node=\"\">Si ello resultara necesario, por ejemplo, en el marco de servicios de almacenamiento o comunicaciones electr\u00f3nicas, Nominaurea garantizar\u00e1 que la transferencia se realice sobre la base de mecanismos reconocidos por el RGPD, como por ejemplo las Cl\u00e1usulas Contractuales Tipo aprobadas por la Comisi\u00f3n Europea.<\/p>\t\t\t\t\t\t\t\t<\/div>\n\t\t\t\t<\/div>\n\t\t<div class=\"elementor-element elementor-element-e064fbc e-con-full e-flex e-con e-child\" data-id=\"e064fbc\" data-element_type=\"container\" data-e-type=\"container\">\n\t\t\t\t<div class=\"elementor-element elementor-element-28a35dc elementor-widget elementor-widget-heading\" data-id=\"28a35dc\" data-element_type=\"widget\" data-e-type=\"widget\" data-widget_type=\"heading.default\">\n\t\t\t\t\t<h5 class=\"elementor-heading-title elementor-size-default\">8. Derechos de los titulares de los datos<\/h5>\t\t\t\t<\/div>\n\t\t\t\t<div class=\"elementor-element elementor-element-2a595bc elementor-widget elementor-widget-text-editor\" data-id=\"2a595bc\" data-element_type=\"widget\" data-e-type=\"widget\" data-widget_type=\"text-editor.default\">\n\t\t\t\t\t\t\t\t\t<p data-start=\"0\" data-end=\"87\">El titular de los datos puede, en cualquier momento, ejercer los siguientes derechos:<\/p><ul data-start=\"89\" data-end=\"396\"><li data-start=\"89\" data-end=\"122\"><p data-start=\"91\" data-end=\"122\">Acceso a sus datos personales<\/p><\/li><li data-start=\"123\" data-end=\"173\"><p data-start=\"125\" data-end=\"173\">Rectificaci\u00f3n de datos inexactos o incompletos<\/p><\/li><li data-start=\"174\" data-end=\"225\"><p data-start=\"176\" data-end=\"225\">Eliminaci\u00f3n de los datos (\u201cderecho al borrado\u201d)<\/p><\/li><li data-start=\"226\" data-end=\"267\"><p data-start=\"228\" data-end=\"267\">Limitaci\u00f3n u oposici\u00f3n al tratamiento<\/p><\/li><li data-start=\"268\" data-end=\"297\"><p data-start=\"270\" data-end=\"297\">Portabilidad de los datos<\/p><\/li><li data-start=\"298\" data-end=\"396\"><p data-start=\"300\" data-end=\"396\">Retirada del consentimiento, cuando corresponda, sin afectar la licitud del tratamiento previo<\/p><\/li><\/ul><p data-start=\"398\" data-end=\"483\">El ejercicio de estos derechos puede solicitarse por escrito a <strong><a class=\"decorated-link cursor-pointer\" rel=\"noopener\" data-start=\"461\" data-end=\"480\">geral@nominaurea.pt<\/a><\/strong>.<\/p><p data-start=\"485\" data-end=\"652\" data-is-last-node=\"\" data-is-only-node=\"\">Si considera que sus derechos no han sido respetados, el titular puede presentar una reclamaci\u00f3n ante la <strong>Comisi\u00f3n Nacional de Protecci\u00f3n de Datos (CNPD)<\/strong> \u2013 <a class=\"decorated-link\" href=\"http:\/\/www.cnpd.pt\" target=\"_new\" rel=\"noopener\" data-start=\"640\" data-end=\"651\">www.cnpd.pt<\/a>.<\/p>\t\t\t\t\t\t\t\t<\/div>\n\t\t\t\t<\/div>\n\t\t<div class=\"elementor-element elementor-element-be30ce7 e-con-full e-flex e-con e-child\" data-id=\"be30ce7\" data-element_type=\"container\" data-e-type=\"container\">\n\t\t\t\t<div class=\"elementor-element elementor-element-50f4169 elementor-widget elementor-widget-heading\" data-id=\"50f4169\" data-element_type=\"widget\" data-e-type=\"widget\" data-widget_type=\"heading.default\">\n\t\t\t\t\t<h5 class=\"elementor-heading-title elementor-size-default\">9. Seguridad de los datos<\/h5>\t\t\t\t<\/div>\n\t\t\t\t<div class=\"elementor-element elementor-element-10e57bf elementor-widget elementor-widget-text-editor\" data-id=\"10e57bf\" data-element_type=\"widget\" data-e-type=\"widget\" data-widget_type=\"text-editor.default\">\n\t\t\t\t\t\t\t\t\t<h6 class=\"sr-only\">ChatGPT Plus<\/h6><div class=\"text-base my-auto mx-auto pb-10 [--thread-content-margin:--spacing(4)] thread-sm:[--thread-content-margin:--spacing(6)] thread-lg:[--thread-content-margin:--spacing(16)] px-(--thread-content-margin)\"><div class=\"[--thread-content-max-width:40rem] thread-lg:[--thread-content-max-width:48rem] mx-auto max-w-(--thread-content-max-width) flex-1 group\/turn-messages focus-visible:outline-hidden relative flex w-full min-w-0 flex-col agent-turn\" tabindex=\"-1\"><div class=\"flex max-w-full flex-col grow\"><div class=\"min-h-8 text-message relative flex w-full flex-col items-end gap-2 text-start break-words whitespace-normal [.text-message+&amp;]:mt-1\" dir=\"auto\" data-message-author-role=\"assistant\" data-message-id=\"b65b34b2-b9ba-486f-836a-8402f1781c66\" data-message-model-slug=\"gpt-5-mini\"><div class=\"flex w-full flex-col gap-1 empty:hidden first:pt-[1px]\"><div class=\"markdown prose dark:prose-invert w-full break-words light markdown-new-styling\"><p data-start=\"0\" data-end=\"181\">Nominaurea implementa medidas t\u00e9cnicas y organizativas adecuadas para proteger los datos personales frente a destrucci\u00f3n, p\u00e9rdida, alteraci\u00f3n, acceso o divulgaci\u00f3n no autorizados.<\/p><p data-start=\"183\" data-end=\"355\" data-is-last-node=\"\" data-is-only-node=\"\">El acceso a los datos est\u00e1 restringido a colaboradores y socios que los necesiten para el desempe\u00f1o de sus funciones y que est\u00e1n sujetos a obligaciones de confidencialidad.<\/p><\/div><\/div><\/div><\/div><\/div><\/div>\t\t\t\t\t\t\t\t<\/div>\n\t\t\t\t<\/div>\n\t\t<div class=\"elementor-element elementor-element-ce3e44a e-con-full e-flex e-con e-child\" data-id=\"ce3e44a\" data-element_type=\"container\" data-e-type=\"container\">\n\t\t\t\t<div class=\"elementor-element elementor-element-1eb94eb elementor-widget elementor-widget-heading\" data-id=\"1eb94eb\" data-element_type=\"widget\" data-e-type=\"widget\" data-widget_type=\"heading.default\">\n\t\t\t\t\t<h5 class=\"elementor-heading-title elementor-size-default\">10. Actualizaciones de la Pol\u00edtica de Privacidad<\/h5>\t\t\t\t<\/div>\n\t\t\t\t<div class=\"elementor-element elementor-element-1e08879 elementor-widget elementor-widget-text-editor\" data-id=\"1e08879\" data-element_type=\"widget\" data-e-type=\"widget\" data-widget_type=\"text-editor.default\">\n\t\t\t\t\t\t\t\t\t<p data-start=\"0\" data-end=\"146\">Nominaurea podr\u00e1 actualizar esta Pol\u00edtica de Privacidad siempre que sea necesario, como resultado de cambios legales, tecnol\u00f3gicos u operativos.<\/p><p data-start=\"148\" data-end=\"310\" data-is-last-node=\"\" data-is-only-node=\"\">La versi\u00f3n m\u00e1s reciente estar\u00e1 siempre disponible en el sitio web <a class=\"decorated-link\" href=\"https:\/\/www.nominaurea.pt\" target=\"_new\" rel=\"noopener\" data-start=\"214\" data-end=\"239\">https:\/\/www.nominaurea.pt<\/a>, indicando la fecha de la \u00faltima actualizaci\u00f3n al final del documento.<\/p>\t\t\t\t\t\t\t\t<\/div>\n\t\t\t\t<\/div>\n\t\t\t\t<div class=\"elementor-element elementor-element-92c4192 elementor-widget elementor-widget-heading\" data-id=\"92c4192\" data-element_type=\"widget\" data-e-type=\"widget\" data-widget_type=\"heading.default\">\n\t\t\t\t\t<h5 class=\"elementor-heading-title elementor-size-default\">Fecha de la \u00faltima actualizaci\u00f3n: octubre de 2025<\/h5>\t\t\t\t<\/div>\n\t\t\t\t\t<\/div>\n\t\t\t\t<\/div>\n\t\t\t\t<\/div>\n\t\t","protected":false},"excerpt":{"rendered":"<p>Pol\u00edtica de Privacidad La presente Pol\u00edtica de Privacidad describe c\u00f3mo la NOMINAUREA \u2013 CONSULTORIA FISCAL E CONTABILIDADE, LDA. (\u201cNominaurea\u201d), NIPC 507753712, con sede en la Avenida Duque d\u2019\u00c1vila, n.\u00ba 141, 1.\u00ba izquierdo, 1050-081 Lisboa, tel\u00e9fono (+351) 210 539 673 y correo electr\u00f3nico geral@nominaurea.pt, trata los datos personales recogidos a trav\u00e9s del sitio web https:\/\/www.nominaurea.pt y [&hellip;]<\/p>\n","protected":false},"author":1,"featured_media":0,"parent":0,"menu_order":0,"comment_status":"closed","ping_status":"closed","template":"","meta":{"footnotes":""},"class_list":["post-3244","page","type-page","status-publish","hentry"],"_links":{"self":[{"href":"https:\/\/www.nominaurea.pt\/es\/wp-json\/wp\/v2\/pages\/3244","targetHints":{"allow":["GET"]}}],"collection":[{"href":"https:\/\/www.nominaurea.pt\/es\/wp-json\/wp\/v2\/pages"}],"about":[{"href":"https:\/\/www.nominaurea.pt\/es\/wp-json\/wp\/v2\/types\/page"}],"author":[{"embeddable":true,"href":"https:\/\/www.nominaurea.pt\/es\/wp-json\/wp\/v2\/users\/1"}],"replies":[{"embeddable":true,"href":"https:\/\/www.nominaurea.pt\/es\/wp-json\/wp\/v2\/comments?post=3244"}],"version-history":[{"count":25,"href":"https:\/\/www.nominaurea.pt\/es\/wp-json\/wp\/v2\/pages\/3244\/revisions"}],"predecessor-version":[{"id":3684,"href":"https:\/\/www.nominaurea.pt\/es\/wp-json\/wp\/v2\/pages\/3244\/revisions\/3684"}],"wp:attachment":[{"href":"https:\/\/www.nominaurea.pt\/es\/wp-json\/wp\/v2\/media?parent=3244"}],"curies":[{"name":"wp","href":"https:\/\/api.w.org\/{rel}","templated":true}]}}