{"id":3170,"date":"2025-10-23T11:17:07","date_gmt":"2025-10-23T11:17:07","guid":{"rendered":"https:\/\/www.nominaurea.pt\/aviso-legal\/"},"modified":"2025-10-24T10:47:46","modified_gmt":"2025-10-24T10:47:46","slug":"aviso-legal","status":"publish","type":"page","link":"https:\/\/www.nominaurea.pt\/es\/aviso-legal\/","title":{"rendered":"Aviso Legal"},"content":{"rendered":"\t\t<div data-elementor-type=\"wp-page\" data-elementor-id=\"3170\" class=\"elementor elementor-3170 elementor-3153\" data-elementor-post-type=\"page\">\n\t\t\t\t<div class=\"elementor-element elementor-element-5e45c95 e-flex e-con-boxed e-con e-parent\" data-id=\"5e45c95\" data-element_type=\"container\" data-e-type=\"container\">\n\t\t\t\t\t<div class=\"e-con-inner\">\n\t\t\t\t<div class=\"elementor-element elementor-element-d47fe2f elementor-widget elementor-widget-heading\" data-id=\"d47fe2f\" data-element_type=\"widget\" data-e-type=\"widget\" data-widget_type=\"heading.default\">\n\t\t\t\t\t<h2 class=\"elementor-heading-title elementor-size-default\">Aviso Legal<\/h2>\t\t\t\t<\/div>\n\t\t<div class=\"elementor-element elementor-element-5e9c9b3 e-con-full e-flex e-con e-child\" data-id=\"5e9c9b3\" data-element_type=\"container\" data-e-type=\"container\">\n\t\t\t\t<div class=\"elementor-element elementor-element-3b6b141 elementor-widget elementor-widget-text-editor\" data-id=\"3b6b141\" data-element_type=\"widget\" data-e-type=\"widget\" data-widget_type=\"text-editor.default\">\n\t\t\t\t\t\t\t\t\t<p>El presente Aviso Legal tiene por objeto regular la Pol\u00edtica de Privacidad de la p\u00e1gina web <span style=\"color: #002f5d;\"><a style=\"color: #002f5d;\" href=\"https:\/\/www.nominaurea.pt\/\">www.nominaurea.pt<\/a><\/span>, propiedad de <strong>NOMINAUREA<\/strong> &#8211; Consultoria Fiscal e Contabilidade, Lda.<\/p><p>En cumplimiento de la legislaci\u00f3n aplicable a las Comunicaciones Electr\u00f3nicas y al Comercio Electr\u00f3nico, a continuaci\u00f3n indicamos nuestros datos:<\/p>\t\t\t\t\t\t\t\t<\/div>\n\t\t\t\t<\/div>\n\t\t\t\t\t<\/div>\n\t\t\t\t<\/div>\n\t\t<div class=\"elementor-element elementor-element-5d305ba e-flex e-con-boxed e-con e-parent\" data-id=\"5d305ba\" data-element_type=\"container\" data-e-type=\"container\">\n\t\t\t\t\t<div class=\"e-con-inner\">\n\t\t\t\t<div class=\"elementor-element elementor-element-282564d elementor-widget elementor-widget-text-editor\" data-id=\"282564d\" data-element_type=\"widget\" data-e-type=\"widget\" data-widget_type=\"text-editor.default\">\n\t\t\t\t\t\t\t\t\t<table style=\"width: 100%; line-height: 25px;\" border=\"0\" cellspacing=\"5\" cellpadding=\"10\" align=\"left\"><tbody style=\"font-family: 'Helvetica Neue', Arial, Helvetica, Geneva; font-size: 15px;\"><tr><td>Denominaci\u00f3n social:<\/td><td><strong>Nominaurea &#8211; Consultoria Fiscal e Contabilidade, Lda.<\/strong><\/td><\/tr><tr><td>NIPC:<\/td><td><strong>507 753 712<\/strong><\/td><\/tr><tr><td>Sede social:<\/td><td><strong>Av.Duque d&#8217;\u00c1vila, 141- 1\u00baEsq\u00ba, 1050-081 Lisboa<\/strong><\/td><\/tr><tr><td>Tel\u00e9fono:<\/td><td><strong>(+351) 210 539 673<\/strong><\/td><\/tr><tr><td>Email:<\/td><td><span style=\"color: #002f5d;\"><a style=\"color: #002f5d;\" href=\"mailto:recepcion@belzuz.com\">geral@nominaurea.pt<\/a><\/span><\/td><\/tr><\/tbody><\/table>\t\t\t\t\t\t\t\t<\/div>\n\t\t\t\t\t<\/div>\n\t\t\t\t<\/div>\n\t\t<div class=\"elementor-element elementor-element-193280c e-flex e-con-boxed e-con e-parent\" data-id=\"193280c\" data-element_type=\"container\" data-e-type=\"container\">\n\t\t\t\t\t<div class=\"e-con-inner\">\n\t\t\t\t<div class=\"elementor-element elementor-element-a906235 elementor-widget elementor-widget-heading\" data-id=\"a906235\" data-element_type=\"widget\" data-e-type=\"widget\" data-widget_type=\"heading.default\">\n\t\t\t\t\t<h2 class=\"elementor-heading-title elementor-size-default\">Datos de inscripci\u00f3n en el Registro Mercantil<\/h2>\t\t\t\t<\/div>\n\t\t\t\t\t<\/div>\n\t\t\t\t<\/div>\n\t\t<div class=\"elementor-element elementor-element-1acf243 e-flex e-con-boxed e-con e-parent\" data-id=\"1acf243\" data-element_type=\"container\" data-e-type=\"container\">\n\t\t\t\t\t<div class=\"e-con-inner\">\n\t\t<div class=\"elementor-element elementor-element-ee42d7c e-con-full e-flex e-con e-child\" data-id=\"ee42d7c\" data-element_type=\"container\" data-e-type=\"container\">\n\t\t\t\t<div class=\"elementor-element elementor-element-4a7cff1 elementor-widget elementor-widget-text-editor\" data-id=\"4a7cff1\" data-element_type=\"widget\" data-e-type=\"widget\" data-widget_type=\"text-editor.default\">\n\t\t\t\t\t\t\t\t\t<p><strong>NOMINAUREA &#8211; Consultoria Fiscal e Contabilidade, Lda., inscrita en el Registro Mercantil de Lisboa con el n\u00famero \u00fanico de matr\u00edcula y persona jur\u00eddica 507 753 712.<\/strong><\/p>\t\t\t\t\t\t\t\t<\/div>\n\t\t\t\t<\/div>\n\t\t\t\t\t<\/div>\n\t\t\t\t<\/div>\n\t\t<div class=\"elementor-element elementor-element-0790fd2 e-flex e-con-boxed e-con e-parent\" data-id=\"0790fd2\" data-element_type=\"container\" data-e-type=\"container\">\n\t\t\t\t\t<div class=\"e-con-inner\">\n\t\t\t\t<div class=\"elementor-element elementor-element-08171bd elementor-widget elementor-widget-heading\" data-id=\"08171bd\" data-element_type=\"widget\" data-e-type=\"widget\" data-widget_type=\"heading.default\">\n\t\t\t\t\t<h2 class=\"elementor-heading-title elementor-size-default\">Propiedad intelectual<\/h2>\t\t\t\t<\/div>\n\t\t\t\t\t<\/div>\n\t\t\t\t<\/div>\n\t\t<div class=\"elementor-element elementor-element-ec5e420 e-flex e-con-boxed e-con e-parent\" data-id=\"ec5e420\" data-element_type=\"container\" data-e-type=\"container\">\n\t\t\t\t\t<div class=\"e-con-inner\">\n\t\t<div class=\"elementor-element elementor-element-1739c62 e-con-full e-flex e-con e-child\" data-id=\"1739c62\" data-element_type=\"container\" data-e-type=\"container\">\n\t\t\t\t<div class=\"elementor-element elementor-element-bc05dab elementor-widget elementor-widget-text-editor\" data-id=\"bc05dab\" data-element_type=\"widget\" data-e-type=\"widget\" data-widget_type=\"text-editor.default\">\n\t\t\t\t\t\t\t\t\t<p>El c\u00f3digo fuente, los dise\u00f1os gr\u00e1ficos, las im\u00e1genes, las animaciones, el software, los textos, as\u00ed como la informaci\u00f3n y los contenidos que se recogen en <span style=\"color: #002f5d;\">www.nominaurea.pt<\/span> son propiedad de <strong>NOMINAUREA<\/strong> y no se permite la reproducci\u00f3n y\/o publicaci\u00f3n, total o parcial, de la p\u00e1gina web, ni su tratamiento inform\u00e1tico, su distribuci\u00f3n, su comunicaci\u00f3n p\u00fablica, ni su modificaci\u00f3n o transformaci\u00f3n, sin la autorizaci\u00f3n previa y por escrito de <strong>NOMINAUREA<\/strong>.<\/p><p>El usuario podr\u00e1 utilizar el material que figura en esta p\u00e1gina web \u00fanica y exclusivamente para su uso personal y privado, quedando prohibido su uso con fines comerciales o para incurrir en actividades contrarias a la ley.<\/p>\t\t\t\t\t\t\t\t<\/div>\n\t\t\t\t<\/div>\n\t\t\t\t\t<\/div>\n\t\t\t\t<\/div>\n\t\t<div class=\"elementor-element elementor-element-f28570d e-flex e-con-boxed e-con e-parent\" data-id=\"f28570d\" data-element_type=\"container\" data-e-type=\"container\">\n\t\t\t\t\t<div class=\"e-con-inner\">\n\t\t\t\t<div class=\"elementor-element elementor-element-e87adee elementor-widget elementor-widget-heading\" data-id=\"e87adee\" data-element_type=\"widget\" data-e-type=\"widget\" data-widget_type=\"heading.default\">\n\t\t\t\t\t<h2 class=\"elementor-heading-title elementor-size-default\">Condiciones de uso de la p\u00e1gina web www.nominaurea.pt.<\/h2>\t\t\t\t<\/div>\n\t\t\t\t\t<\/div>\n\t\t\t\t<\/div>\n\t\t<div class=\"elementor-element elementor-element-e5687e3 e-flex e-con-boxed e-con e-parent\" data-id=\"e5687e3\" data-element_type=\"container\" data-e-type=\"container\">\n\t\t\t\t\t<div class=\"e-con-inner\">\n\t\t<div class=\"elementor-element elementor-element-e41c9a9 e-con-full e-flex e-con e-child\" data-id=\"e41c9a9\" data-element_type=\"container\" data-e-type=\"container\">\n\t\t\t\t<div class=\"elementor-element elementor-element-90b93b9 elementor-widget elementor-widget-text-editor\" data-id=\"90b93b9\" data-element_type=\"widget\" data-e-type=\"widget\" data-widget_type=\"text-editor.default\">\n\t\t\t\t\t\t\t\t\t<p>El uso de la p\u00e1gina web <span style=\"color: #002f5d;\"><a style=\"color: #002f5d;\" href=\"https:\/\/www.nominaurea.pt\/\">www.nominaurea.pt<\/a><\/span> implica la aceptaci\u00f3n plena y sin reservas de todas y cada una de las disposiciones incluidas en este Aviso Legal, desde el momento en que el Usuario accede a la p\u00e1gina.<\/p><p>En consecuencia, el usuario deber\u00e1 leer atentamente el presente Aviso Legal.<\/p><p>1 <strong>NOMINAUREA<\/strong> podr\u00e1 modificar o actualizar, sin previo aviso, la informaci\u00f3n contenida en su p\u00e1gina web, as\u00ed como su configuraci\u00f3n, presentaci\u00f3n y condiciones de acceso.<\/p><p>2 <strong>NOMINAUREA<\/strong> no garantiza la inexistencia de interrupciones o errores en el acceso a la p\u00e1gina web, en su contenido, ni que este se encuentre actualizado, aunque realiza sus mejores esfuerzos para evitarlos, corregirlos o actualizarlos.<\/p><p>3 El Usuario se compromete a utilizar la p\u00e1gina web de conformidad con la ley y el presente Aviso Legal, as\u00ed como con la moral y las buenas costumbres generalmente aceptadas y el orden p\u00fablico.<\/p><p>4. <strong>NOMINAUREA<\/strong> garantiza que todos los contenidos y servicios que se ofrecen en <span style=\"color: #002f5d;\"><a style=\"color: #002f5d;\" href=\"https:\/\/www.nominaurea.pt\/\">www.nominaurea.pt<\/a><\/span> respetan el principio de dignidad de la persona, el principio de no discriminaci\u00f3n por motivos de raza, sexo, religi\u00f3n, opini\u00f3n, nacionalidad, discapacidad o cualquier otra circunstancia personal y social, as\u00ed como el principio de protecci\u00f3n de la juventud y la infancia.<\/p><p>5 <strong>NOMINAUREA<\/strong> se compromete, por este medio, a NO REALIZAR PUBLICIDAD ENGA\u00d1OSA. No se considerar\u00e1n publicidad enga\u00f1osa los errores formales o num\u00e9ricos que puedan encontrarse a lo largo del contenido de las distintas secciones de la p\u00e1gina web. <strong>NOMINAUREA<\/strong> se compromete a corregirlos tan pronto como tenga conocimiento de dichos errores.<\/p><p>6 <strong>NOMINAUREA<\/strong> garantiza que NO ENVIAR\u00c1 COMUNICACIONES COMERCIALES SIN IDENTIFICARLAS COMO TALES Y SIN CONTAR CON LA AUTORIZACI\u00d3N PREVIA Y EXPRESA, de conformidad con lo dispuesto en la legislaci\u00f3n aplicable a las Comunicaciones Electr\u00f3nicas y al Comercio Electr\u00f3nico.<\/p><p>No se considerar\u00e1 comunicaci\u00f3n comercial toda la informaci\u00f3n que se env\u00ede a los clientes o contactos de <strong>NOMINAUREA<\/strong>, siempre que tenga por finalidad el mantenimiento de la relaci\u00f3n existente entre los clientes o contactos y <strong>NOMINAUREA<\/strong>, as\u00ed como el desempe\u00f1o de tareas de informaci\u00f3n o dem\u00e1s actividades propias del servicio que el cliente haya contratado con la empresa.<\/p><p>7 Tanto el acceso a esta p\u00e1gina web como el uso que se pueda hacer de la informaci\u00f3n contenida en la misma es responsabilidad exclusiva de quien lo realiza. <strong>NOMINAUREA<\/strong> no responder\u00e1 de ninguna consecuencia, da\u00f1o o perjuicio que pudiera derivarse de dicho acceso o uso de la informaci\u00f3n.<\/p><p>Del mismo modo, <strong>NOMINAUREA<\/strong> no ser\u00e1 responsable de los posibles errores de seguridad que se puedan producir, ni de los posibles da\u00f1os que se puedan causar al sistema inform\u00e1tico del usuario (hardware y software), a los archivos o documentos almacenados en el mismo, como consecuencia de la presencia de virus en el ordenador del usuario que haya sido utilizado para conectarse a los servicios y contenidos de la p\u00e1gina web, de un mal funcionamiento del navegador o del uso de versiones no actualizadas del mismo.<\/p><p>8 El redireccionamiento de terceros a esta p\u00e1gina web deber\u00e1 realizarse a su p\u00e1gina principal o de entrada.<\/p><p>9 <strong>NOMINAUREA<\/strong> y el usuario, con renuncia expresa a cualquier otro fuero, se someten a los tribunales de la Comarca de Lisboa para cualquier litigio que pueda derivarse del acceso a esta p\u00e1gina web.<\/p><p>10 Para la interpretaci\u00f3n del presente aviso legal, as\u00ed como del contenido de la p\u00e1gina web, se aplicar\u00e1n las disposiciones legales nacionales, as\u00ed como las disposiciones legales de car\u00e1cter internacional aplicables.<\/p>\t\t\t\t\t\t\t\t<\/div>\n\t\t\t\t<\/div>\n\t\t\t\t\t<\/div>\n\t\t\t\t<\/div>\n\t\t\t\t<\/div>\n\t\t","protected":false},"excerpt":{"rendered":"<p>Aviso Legal El presente Aviso Legal tiene por objeto regular la Pol\u00edtica de Privacidad de la p\u00e1gina web www.nominaurea.pt, propiedad de NOMINAUREA &#8211; Consultoria Fiscal e Contabilidade, Lda. En cumplimiento de la legislaci\u00f3n aplicable a las Comunicaciones Electr\u00f3nicas y al Comercio Electr\u00f3nico, a continuaci\u00f3n indicamos nuestros datos: Denominaci\u00f3n social: Nominaurea &#8211; Consultoria Fiscal e Contabilidade, [&hellip;]<\/p>\n","protected":false},"author":1,"featured_media":0,"parent":0,"menu_order":0,"comment_status":"closed","ping_status":"closed","template":"","meta":{"footnotes":""},"class_list":["post-3170","page","type-page","status-publish","hentry"],"_links":{"self":[{"href":"https:\/\/www.nominaurea.pt\/es\/wp-json\/wp\/v2\/pages\/3170","targetHints":{"allow":["GET"]}}],"collection":[{"href":"https:\/\/www.nominaurea.pt\/es\/wp-json\/wp\/v2\/pages"}],"about":[{"href":"https:\/\/www.nominaurea.pt\/es\/wp-json\/wp\/v2\/types\/page"}],"author":[{"embeddable":true,"href":"https:\/\/www.nominaurea.pt\/es\/wp-json\/wp\/v2\/users\/1"}],"replies":[{"embeddable":true,"href":"https:\/\/www.nominaurea.pt\/es\/wp-json\/wp\/v2\/comments?post=3170"}],"version-history":[{"count":15,"href":"https:\/\/www.nominaurea.pt\/es\/wp-json\/wp\/v2\/pages\/3170\/revisions"}],"predecessor-version":[{"id":3493,"href":"https:\/\/www.nominaurea.pt\/es\/wp-json\/wp\/v2\/pages\/3170\/revisions\/3493"}],"wp:attachment":[{"href":"https:\/\/www.nominaurea.pt\/es\/wp-json\/wp\/v2\/media?parent=3170"}],"curies":[{"name":"wp","href":"https:\/\/api.w.org\/{rel}","templated":true}]}}