{"id":1693,"date":"2025-09-22T14:45:52","date_gmt":"2025-09-22T14:45:52","guid":{"rendered":"https:\/\/www.nominaurea.pt\/recursos-humanos\/"},"modified":"2025-10-29T15:15:34","modified_gmt":"2025-10-29T15:15:34","slug":"recursos-humanos","status":"publish","type":"page","link":"https:\/\/www.nominaurea.pt\/es\/recursos-humanos\/","title":{"rendered":"Recursos Humanos"},"content":{"rendered":"\t\t<div data-elementor-type=\"wp-page\" data-elementor-id=\"1693\" class=\"elementor elementor-1693 elementor-1291\" data-elementor-post-type=\"page\">\n\t\t\t\t<div class=\"elementor-element elementor-element-831f54b e-flex e-con-boxed e-con e-parent\" data-id=\"831f54b\" data-element_type=\"container\" data-e-type=\"container\" data-settings=\"{&quot;background_background&quot;:&quot;classic&quot;}\">\n\t\t\t\t\t<div class=\"e-con-inner\">\n\t\t\t\t<div class=\"elementor-element elementor-element-4dcf5a6d elementor-widget elementor-widget-heading\" data-id=\"4dcf5a6d\" data-element_type=\"widget\" data-e-type=\"widget\" data-widget_type=\"heading.default\">\n\t\t\t\t\t<h1 class=\"elementor-heading-title elementor-size-default\">Recursos Humanos<\/h1>\t\t\t\t<\/div>\n\t\t\t\t\t<\/div>\n\t\t\t\t<\/div>\n\t\t<div class=\"elementor-element elementor-element-efbcd9e e-flex e-con-boxed e-con e-parent\" data-id=\"efbcd9e\" data-element_type=\"container\" data-e-type=\"container\">\n\t\t\t\t\t<div class=\"e-con-inner\">\n\t\t\t\t<div class=\"elementor-element elementor-element-5931546 elementor-widget elementor-widget-heading\" data-id=\"5931546\" data-element_type=\"widget\" data-e-type=\"widget\" data-widget_type=\"heading.default\">\n\t\t\t\t\t<h2 class=\"elementor-heading-title elementor-size-default\">Gesti\u00f3n de personas simplificada, legal y eficiente \u2014 para empresas centradas en lo\nque realmente importa.\n<\/h2>\t\t\t\t<\/div>\n\t\t<div class=\"elementor-element elementor-element-c8f7524 e-con-full e-flex e-con e-child\" data-id=\"c8f7524\" data-element_type=\"container\" data-e-type=\"container\">\n\t\t\t\t<div class=\"elementor-element elementor-element-9bef79a elementor-widget elementor-widget-text-editor\" data-id=\"9bef79a\" data-element_type=\"widget\" data-e-type=\"widget\" data-widget_type=\"text-editor.default\">\n\t\t\t\t\t\t\t\t\t<p>En Nominaurea ofrecemos un servicio completo de <strong>gesti\u00f3n administrativa de recursos <\/strong><strong>humanos<\/strong>, con acompa\u00f1amiento especializado y soluciones digitales que garantizan el cumplimiento de las obligaciones laborales y la tranquilidad de su empresa.<\/p>\t\t\t\t\t\t\t\t<\/div>\n\t\t\t\t<\/div>\n\t\t\t\t\t<\/div>\n\t\t\t\t<\/div>\n\t\t<div class=\"elementor-element elementor-element-3e480cb e-flex e-con-boxed e-con e-parent\" data-id=\"3e480cb\" data-element_type=\"container\" data-e-type=\"container\">\n\t\t\t\t\t<div class=\"e-con-inner\">\n\t\t\t\t<div class=\"elementor-element elementor-element-e8c2a2a elementor-widget elementor-widget-heading\" data-id=\"e8c2a2a\" data-element_type=\"widget\" data-e-type=\"widget\" data-widget_type=\"heading.default\">\n\t\t\t\t\t<h2 class=\"elementor-heading-title elementor-size-default\">Nuestros servicios<\/h2>\t\t\t\t<\/div>\n\t\t\t\t\t<\/div>\n\t\t\t\t<\/div>\n\t\t<div class=\"elementor-element elementor-element-0beafcb e-flex e-con-boxed e-con e-parent\" data-id=\"0beafcb\" data-element_type=\"container\" data-e-type=\"container\">\n\t\t\t\t\t<div class=\"e-con-inner\">\n\t\t<div class=\"elementor-element elementor-element-5653d38 e-con-full e-flex e-con e-child\" data-id=\"5653d38\" data-element_type=\"container\" data-e-type=\"container\" data-settings=\"{&quot;background_background&quot;:&quot;classic&quot;}\">\n\t\t\t\t<div class=\"elementor-element elementor-element-18bab53 elementor-widget elementor-widget-image\" data-id=\"18bab53\" data-element_type=\"widget\" data-e-type=\"widget\" data-widget_type=\"image.default\">\n\t\t\t\t\t\t\t\t\t\t\t\t\t\t\t<img fetchpriority=\"high\" decoding=\"async\" width=\"683\" height=\"1024\" src=\"https:\/\/www.nominaurea.pt\/wp-content\/uploads\/2025\/09\/building-image-683x1024.jpg\" class=\"attachment-large size-large wp-image-1294\" alt=\"\" srcset=\"https:\/\/www.nominaurea.pt\/wp-content\/uploads\/2025\/09\/building-image-683x1024.jpg 683w, https:\/\/www.nominaurea.pt\/wp-content\/uploads\/2025\/09\/building-image-200x300.jpg 200w, https:\/\/www.nominaurea.pt\/wp-content\/uploads\/2025\/09\/building-image-768x1152.jpg 768w, https:\/\/www.nominaurea.pt\/wp-content\/uploads\/2025\/09\/building-image-1024x1536.jpg 1024w, https:\/\/www.nominaurea.pt\/wp-content\/uploads\/2025\/09\/building-image-1365x2048.jpg 1365w, https:\/\/www.nominaurea.pt\/wp-content\/uploads\/2025\/09\/building-image-scaled.jpg 1707w\" sizes=\"(max-width: 683px) 100vw, 683px\" \/>\t\t\t\t\t\t\t\t\t\t\t\t\t\t\t<\/div>\n\t\t\t\t<\/div>\n\t\t<div class=\"elementor-element elementor-element-495c066 e-con-full e-flex e-con e-child\" data-id=\"495c066\" data-element_type=\"container\" data-e-type=\"container\">\n\t\t<div class=\"elementor-element elementor-element-4f860f9 e-con-full e-flex e-con e-child\" data-id=\"4f860f9\" data-element_type=\"container\" data-e-type=\"container\">\n\t\t<div class=\"elementor-element elementor-element-0316a53 e-con-full e-flex e-con e-child\" data-id=\"0316a53\" data-element_type=\"container\" data-e-type=\"container\">\n\t\t\t\t<div class=\"elementor-element elementor-element-310858f elementor-widget elementor-widget-heading\" data-id=\"310858f\" data-element_type=\"widget\" data-e-type=\"widget\" data-widget_type=\"heading.default\">\n\t\t\t\t\t<h2 class=\"elementor-heading-title elementor-size-default\">Gesti\u00f3n contractual y procesal:<\/h2>\t\t\t\t<\/div>\n\t\t\t\t<div class=\"elementor-element elementor-element-5e09117 elementor-widget elementor-widget-text-editor\" data-id=\"5e09117\" data-element_type=\"widget\" data-e-type=\"widget\" data-widget_type=\"text-editor.default\">\n\t\t\t\t\t\t\t\t\t<p>Apoyo en contrataciones, bajas, comunicaci\u00f3n a la Seguridad Social y a la Inspecci\u00f3n de Trabajo (ACT), mantenimiento de la base de datos del personal.<\/p>\t\t\t\t\t\t\t\t<\/div>\n\t\t\t\t<\/div>\n\t\t<div class=\"elementor-element elementor-element-56c50aa e-con-full e-flex e-con e-child\" data-id=\"56c50aa\" data-element_type=\"container\" data-e-type=\"container\">\n\t\t\t\t<div class=\"elementor-element elementor-element-71b6e6f elementor-widget elementor-widget-heading\" data-id=\"71b6e6f\" data-element_type=\"widget\" data-e-type=\"widget\" data-widget_type=\"heading.default\">\n\t\t\t\t\t<h2 class=\"elementor-heading-title elementor-size-default\">Procesamiento salarial completo:\n<\/h2>\t\t\t\t<\/div>\n\t\t\t\t<div class=\"elementor-element elementor-element-1a2b6e7 elementor-widget elementor-widget-text-editor\" data-id=\"1a2b6e7\" data-element_type=\"widget\" data-e-type=\"widget\" data-widget_type=\"text-editor.default\">\n\t\t\t\t\t\t\t\t\t<p>C\u00e1lculo de remuneraciones, emisi\u00f3n de n\u00f3minas, env\u00edo de ficheros SEPA, informes sindicales, gesti\u00f3n de bonificaciones y primas.<\/p>\t\t\t\t\t\t\t\t<\/div>\n\t\t\t\t<\/div>\n\t\t<div class=\"elementor-element elementor-element-2fb0a55 e-con-full e-flex e-con e-child\" data-id=\"2fb0a55\" data-element_type=\"container\" data-e-type=\"container\">\n\t\t\t\t<div class=\"elementor-element elementor-element-d22c52c elementor-widget elementor-widget-heading\" data-id=\"d22c52c\" data-element_type=\"widget\" data-e-type=\"widget\" data-widget_type=\"heading.default\">\n\t\t\t\t\t<h2 class=\"elementor-heading-title elementor-size-default\">Declaraciones obligatorias:\n<\/h2>\t\t\t\t<\/div>\n\t\t\t\t<div class=\"elementor-element elementor-element-1139ffd elementor-widget elementor-widget-text-editor\" data-id=\"1139ffd\" data-element_type=\"widget\" data-e-type=\"widget\" data-widget_type=\"text-editor.default\">\n\t\t\t\t\t\t\t\t\t<ul><li>Declaraciones mensuales a la Agencia Tributaria y a la Seguridad Social<\/li><li>Elaboraci\u00f3n y presentaci\u00f3n del Informe \u00danico, incluyendo todos los anexos legales (Cuadro de Personal, Formaci\u00f3n, SST, etc.)<\/li><\/ul>\t\t\t\t\t\t\t\t<\/div>\n\t\t\t\t<\/div>\n\t\t<div class=\"elementor-element elementor-element-d7e577e e-con-full e-flex e-con e-child\" data-id=\"d7e577e\" data-element_type=\"container\" data-e-type=\"container\">\n\t\t\t\t<div class=\"elementor-element elementor-element-6941d97 elementor-widget elementor-widget-heading\" data-id=\"6941d97\" data-element_type=\"widget\" data-e-type=\"widget\" data-widget_type=\"heading.default\">\n\t\t\t\t\t<h2 class=\"elementor-heading-title elementor-size-default\">Seguros y SST:<\/h2>\t\t\t\t<\/div>\n\t\t\t\t<div class=\"elementor-element elementor-element-d4738cd elementor-widget elementor-widget-text-editor\" data-id=\"d4738cd\" data-element_type=\"widget\" data-e-type=\"widget\" data-widget_type=\"text-editor.default\">\n\t\t\t\t\t\t\t\t\t<p>Asistencia en la contrataci\u00f3n de seguros de accidentes laborales y en los servicios obligatorios de higiene, salud y seguridad en el trabajo.<\/p>\t\t\t\t\t\t\t\t<\/div>\n\t\t\t\t<\/div>\n\t\t\t\t<\/div>\n\t\t\t\t<\/div>\n\t\t\t\t\t<\/div>\n\t\t\t\t<\/div>\n\t\t\t\t<\/div>\n\t\t","protected":false},"excerpt":{"rendered":"<p>Recursos Humanos Gesti\u00f3n de personas simplificada, legal y eficiente \u2014 para empresas centradas en lo que realmente importa. En Nominaurea ofrecemos un servicio completo de gesti\u00f3n administrativa de recursos humanos, con acompa\u00f1amiento especializado y soluciones digitales que garantizan el cumplimiento de las obligaciones laborales y la tranquilidad de su empresa. Nuestros servicios Gesti\u00f3n contractual y [&hellip;]<\/p>\n","protected":false},"author":1,"featured_media":0,"parent":0,"menu_order":0,"comment_status":"closed","ping_status":"closed","template":"","meta":{"footnotes":""},"class_list":["post-1693","page","type-page","status-publish","hentry"],"_links":{"self":[{"href":"https:\/\/www.nominaurea.pt\/es\/wp-json\/wp\/v2\/pages\/1693","targetHints":{"allow":["GET"]}}],"collection":[{"href":"https:\/\/www.nominaurea.pt\/es\/wp-json\/wp\/v2\/pages"}],"about":[{"href":"https:\/\/www.nominaurea.pt\/es\/wp-json\/wp\/v2\/types\/page"}],"author":[{"embeddable":true,"href":"https:\/\/www.nominaurea.pt\/es\/wp-json\/wp\/v2\/users\/1"}],"replies":[{"embeddable":true,"href":"https:\/\/www.nominaurea.pt\/es\/wp-json\/wp\/v2\/comments?post=1693"}],"version-history":[{"count":16,"href":"https:\/\/www.nominaurea.pt\/es\/wp-json\/wp\/v2\/pages\/1693\/revisions"}],"predecessor-version":[{"id":3636,"href":"https:\/\/www.nominaurea.pt\/es\/wp-json\/wp\/v2\/pages\/1693\/revisions\/3636"}],"wp:attachment":[{"href":"https:\/\/www.nominaurea.pt\/es\/wp-json\/wp\/v2\/media?parent=1693"}],"curies":[{"name":"wp","href":"https:\/\/api.w.org\/{rel}","templated":true}]}}