{"id":1688,"date":"2025-09-18T12:41:58","date_gmt":"2025-09-18T12:41:58","guid":{"rendered":"https:\/\/www.nominaurea.pt\/quem-somos\/"},"modified":"2025-11-05T11:19:50","modified_gmt":"2025-11-05T11:19:50","slug":"quienes-somos","status":"publish","type":"page","link":"https:\/\/www.nominaurea.pt\/es\/quienes-somos\/","title":{"rendered":"Quienes somos"},"content":{"rendered":"\t\t<div data-elementor-type=\"wp-page\" data-elementor-id=\"1688\" class=\"elementor elementor-1688 elementor-1247\" data-elementor-post-type=\"page\">\n\t\t\t\t<div class=\"elementor-element elementor-element-6d373930 e-flex e-con-boxed e-con e-parent\" data-id=\"6d373930\" data-element_type=\"container\" data-e-type=\"container\" data-settings=\"{&quot;background_background&quot;:&quot;classic&quot;}\">\n\t\t\t\t\t<div class=\"e-con-inner\">\n\t\t\t\t<div class=\"elementor-element elementor-element-6b55725c elementor-widget elementor-widget-heading\" data-id=\"6b55725c\" data-element_type=\"widget\" data-e-type=\"widget\" data-widget_type=\"heading.default\">\n\t\t\t\t\t<h1 class=\"elementor-heading-title elementor-size-default\">La Empresa<\/h1>\t\t\t\t<\/div>\n\t\t\t\t\t<\/div>\n\t\t\t\t<\/div>\n\t\t<div class=\"elementor-element elementor-element-116915df e-flex e-con-boxed e-con e-parent\" data-id=\"116915df\" data-element_type=\"container\" data-e-type=\"container\">\n\t\t\t\t\t<div class=\"e-con-inner\">\n\t\t\t\t<div class=\"elementor-element elementor-element-27fb09d8 elementor-widget elementor-widget-heading\" data-id=\"27fb09d8\" data-element_type=\"widget\" data-e-type=\"widget\" data-widget_type=\"heading.default\">\n\t\t\t\t\t<h2 class=\"elementor-heading-title elementor-size-default\">\u00bfQui\u00e9nes somos?\n<\/h2>\t\t\t\t<\/div>\n\t\t<div class=\"elementor-element elementor-element-4f357b63 e-con-full e-flex e-con e-child\" data-id=\"4f357b63\" data-element_type=\"container\" data-e-type=\"container\">\n\t\t\t\t<div class=\"elementor-element elementor-element-6ef1b2e4 elementor-widget elementor-widget-text-editor\" data-id=\"6ef1b2e4\" data-element_type=\"widget\" data-e-type=\"widget\" data-widget_type=\"text-editor.default\">\n\t\t\t\t\t\t\t\t\t<p>NOMINAUREA es una empresa de contables, gestores de recursos humanos y economistas con una amplia y probada experiencia desde 2006 en la prestaci\u00f3n de servicios de contabilidad, fiscalidad y recursos humanos, con oficinas en Lisboa y Oporto, inscrita en el Registro Mercantil de Lisboa.<\/p><p>Como sociedad de contabilidad, estamos debidamente inscritos en el Colegio de Contables Certificados, organismo regulador de la actividad en Portugal.<\/p><p>Nuestro objetivo es ofrecer soluciones concretas y adaptadas a las necesidades particulares de cada uno de nuestros clientes.<\/p><p>Como sociedad de contabilidad, estamos debidamente inscritos en el Colegio de Contables Certificados, organismo regulador de la actividad en Portugal.<\/p><p>Nuestro objetivo es ofrecer soluciones concretas y adaptadas a las necesidades particulares de cada uno de nuestros clientes.<\/p>\t\t\t\t\t\t\t\t<\/div>\n\t\t\t\t<\/div>\n\t\t\t\t\t<\/div>\n\t\t\t\t<\/div>\n\t\t<div class=\"elementor-element elementor-element-1e875eee e-flex e-con-boxed e-con e-parent\" data-id=\"1e875eee\" data-element_type=\"container\" data-e-type=\"container\">\n\t\t\t\t\t<div class=\"e-con-inner\">\n\t\t\t\t<div class=\"elementor-element elementor-element-43d60d0c elementor-widget elementor-widget-heading\" data-id=\"43d60d0c\" data-element_type=\"widget\" data-e-type=\"widget\" data-widget_type=\"heading.default\">\n\t\t\t\t\t<h2 class=\"elementor-heading-title elementor-size-default\">\u00bfQu\u00e9 hacemos?<\/h2>\t\t\t\t<\/div>\n\t\t<div class=\"elementor-element elementor-element-62d56c45 e-con-full e-flex e-con e-child\" data-id=\"62d56c45\" data-element_type=\"container\" data-e-type=\"container\">\n\t\t\t\t<div class=\"elementor-element elementor-element-3909acde elementor-widget elementor-widget-text-editor\" data-id=\"3909acde\" data-element_type=\"widget\" data-e-type=\"widget\" data-widget_type=\"text-editor.default\">\n\t\t\t\t\t\t\t\t\t<p>Nuestro equipo est\u00e1 compuesto por profesionales que trabajan con entusiasmo y compromiso, ofreciendo un servicio global, personalizado y adaptado a las necesidades concretas de cada uno de nuestros clientes.<\/p><p>Nuestro objetivo principal es implementar una gesti\u00f3n integrada de servicios de contabilidad, recursos humanos, fiscalidad y apoyo administrativo con la m\u00e1xima calidad y confidencialidad.<\/p><p>Nuestra empresa tiene una marcada vocaci\u00f3n internacional, ya que contamos con un servicio de consultor\u00eda a trav\u00e9s del cual ofrecemos el asesoramiento necesario tanto a empresas como a personas f\u00edsicas extranjeras que deseen invertir en Portugal.<\/p><p>Tenemos oficinas en Lisboa y Oporto y trabajamos de forma fiable y en estrecha colaboraci\u00f3n con nuestros clientes.<\/p><p>Esta estructura nos permite estar presentes en todos los procedimientos clave para sugerir las mejores soluciones.<\/p>\t\t\t\t\t\t\t\t<\/div>\n\t\t\t\t<\/div>\n\t\t\t\t\t<\/div>\n\t\t\t\t<\/div>\n\t\t<div class=\"elementor-element elementor-element-4f2b132 e-flex e-con-boxed e-con e-parent\" data-id=\"4f2b132\" data-element_type=\"container\" data-e-type=\"container\">\n\t\t\t\t\t<div class=\"e-con-inner\">\n\t\t\t\t<div class=\"elementor-element elementor-element-36443912 elementor-widget elementor-widget-heading\" data-id=\"36443912\" data-element_type=\"widget\" data-e-type=\"widget\" data-widget_type=\"heading.default\">\n\t\t\t\t\t<h2 class=\"elementor-heading-title elementor-size-default\">A qui\u00e9n nos dirigimos<\/h2>\t\t\t\t<\/div>\n\t\t\t\t\t<\/div>\n\t\t\t\t<\/div>\n\t\t<div class=\"elementor-element elementor-element-4f933931 e-flex e-con-boxed e-con e-parent\" data-id=\"4f933931\" data-element_type=\"container\" data-e-type=\"container\">\n\t\t\t\t\t<div class=\"e-con-inner\">\n\t\t<div class=\"elementor-element elementor-element-2c1dacd0 e-con-full e-flex e-con e-child\" data-id=\"2c1dacd0\" data-element_type=\"container\" data-e-type=\"container\" data-settings=\"{&quot;background_background&quot;:&quot;classic&quot;}\">\n\t\t\t\t<div class=\"elementor-element elementor-element-23db8bbc elementor-widget elementor-widget-heading\" data-id=\"23db8bbc\" data-element_type=\"widget\" data-e-type=\"widget\" data-widget_type=\"heading.default\">\n\t\t\t\t\t<h3 class=\"elementor-heading-title elementor-size-default\">Empresas nacionales e internacionales<\/h3>\t\t\t\t<\/div>\n\t\t\t\t<\/div>\n\t\t<div class=\"elementor-element elementor-element-7b69461 e-con-full e-flex e-con e-child\" data-id=\"7b69461\" data-element_type=\"container\" data-e-type=\"container\" data-settings=\"{&quot;background_background&quot;:&quot;classic&quot;}\">\n\t\t\t\t<div class=\"elementor-element elementor-element-626f1100 elementor-widget elementor-widget-heading\" data-id=\"626f1100\" data-element_type=\"widget\" data-e-type=\"widget\" data-widget_type=\"heading.default\">\n\t\t\t\t\t<h3 class=\"elementor-heading-title elementor-size-default\">Empresas familiares y grupos de sociedades\n<\/h3>\t\t\t\t<\/div>\n\t\t\t\t<\/div>\n\t\t<div class=\"elementor-element elementor-element-744faa16 e-con-full e-flex e-con e-child\" data-id=\"744faa16\" data-element_type=\"container\" data-e-type=\"container\" data-settings=\"{&quot;background_background&quot;:&quot;classic&quot;}\">\n\t\t\t\t<div class=\"elementor-element elementor-element-565ce7f4 elementor-widget__width-inherit elementor-widget elementor-widget-heading\" data-id=\"565ce7f4\" data-element_type=\"widget\" data-e-type=\"widget\" data-widget_type=\"heading.default\">\n\t\t\t\t\t<h3 class=\"elementor-heading-title elementor-size-default\">Personas f\u00edsicas\n<\/h3>\t\t\t\t<\/div>\n\t\t\t\t<\/div>\n\t\t<div class=\"elementor-element elementor-element-7c68a632 e-con-full e-flex e-con e-child\" data-id=\"7c68a632\" data-element_type=\"container\" data-e-type=\"container\" data-settings=\"{&quot;background_background&quot;:&quot;classic&quot;}\">\n\t\t\t\t<div class=\"elementor-element elementor-element-2617b970 elementor-widget elementor-widget-heading\" data-id=\"2617b970\" data-element_type=\"widget\" data-e-type=\"widget\" data-widget_type=\"heading.default\">\n\t\t\t\t\t<h3 class=\"elementor-heading-title elementor-size-default\">Emprendedores<\/h3>\t\t\t\t<\/div>\n\t\t\t\t<\/div>\n\t\t\t\t\t<\/div>\n\t\t\t\t<\/div>\n\t\t<div class=\"elementor-element elementor-element-1340a422 e-flex e-con-boxed e-con e-parent\" data-id=\"1340a422\" data-element_type=\"container\" data-e-type=\"container\">\n\t\t\t\t\t<div class=\"e-con-inner\">\n\t\t\t\t<div class=\"elementor-element elementor-element-5d9d6223 elementor-widget elementor-widget-heading\" data-id=\"5d9d6223\" data-element_type=\"widget\" data-e-type=\"widget\" data-widget_type=\"heading.default\">\n\t\t\t\t\t<h2 class=\"elementor-heading-title elementor-size-default\">Experiencia Internacional\n<\/h2>\t\t\t\t<\/div>\n\t\t<div class=\"elementor-element elementor-element-4d990f53 e-con-full e-flex e-con e-child\" data-id=\"4d990f53\" data-element_type=\"container\" data-e-type=\"container\">\n\t\t\t\t<div class=\"elementor-element elementor-element-2dbdc35e elementor-widget__width-initial elementor-widget elementor-widget-text-editor\" data-id=\"2dbdc35e\" data-element_type=\"widget\" data-e-type=\"widget\" data-widget_type=\"text-editor.default\">\n\t\t\t\t\t\t\t\t\t<p>NOMINAUREA es una empresa centrada en la internacionalizaci\u00f3n y ofrece asesoramiento de calidad a todos sus clientes que operan en el mercado ib\u00e9rico. De este modo, cuenta con una amplia experiencia en diversos sectores de actividad y busca una adaptaci\u00f3n constante a las exigencias de cada empresa, a los marcos normativos vigentes y a las plataformas tecnol\u00f3gicas utilizadas por sus clientes.<\/p><p>Todos los profesionales de NOMINAUREA hablan varios idiomas con fluidez, lo que les permite comunicarse con empresas de diferentes or\u00edgenes y nacionalidades.<\/p><p>Los informes que presenta se elaboran en el idioma del cliente y son el resultado de un seguimiento y una supervisi\u00f3n constantes, presenciales y, siempre que sea necesario o se solicite, en las instalaciones de los clientes.<\/p><p>Gracias a sus asociaciones con empresas espa\u00f1olas especializadas, puede garantizar trabajos de contabilidad, asesoramiento fiscal y recursos humanos, as\u00ed como todos los servicios de creaci\u00f3n e implementaci\u00f3n a todas las empresas que deseen establecerse en el espacio ib\u00e9rico.<\/p>\t\t\t\t\t\t\t\t<\/div>\n\t\t\t\t<div class=\"elementor-element elementor-element-e11536d elementor-widget__width-initial elementor-widget elementor-widget-image\" data-id=\"e11536d\" data-element_type=\"widget\" data-e-type=\"widget\" data-widget_type=\"image.default\">\n\t\t\t\t\t\t\t\t\t\t\t\t\t\t\t<img fetchpriority=\"high\" decoding=\"async\" width=\"800\" height=\"534\" src=\"https:\/\/www.nominaurea.pt\/wp-content\/uploads\/2025\/10\/windows-of-business-building-2025-10-16-06-32-00-utc-1024x683.jpg\" class=\"attachment-large size-large wp-image-3760\" alt=\"\" srcset=\"https:\/\/www.nominaurea.pt\/wp-content\/uploads\/2025\/10\/windows-of-business-building-2025-10-16-06-32-00-utc-1024x683.jpg 1024w, https:\/\/www.nominaurea.pt\/wp-content\/uploads\/2025\/10\/windows-of-business-building-2025-10-16-06-32-00-utc-300x200.jpg 300w, https:\/\/www.nominaurea.pt\/wp-content\/uploads\/2025\/10\/windows-of-business-building-2025-10-16-06-32-00-utc-768x512.jpg 768w, https:\/\/www.nominaurea.pt\/wp-content\/uploads\/2025\/10\/windows-of-business-building-2025-10-16-06-32-00-utc-1536x1024.jpg 1536w, https:\/\/www.nominaurea.pt\/wp-content\/uploads\/2025\/10\/windows-of-business-building-2025-10-16-06-32-00-utc-2048x1365.jpg 2048w\" sizes=\"(max-width: 800px) 100vw, 800px\" \/>\t\t\t\t\t\t\t\t\t\t\t\t\t\t\t<\/div>\n\t\t\t\t<\/div>\n\t\t\t\t\t<\/div>\n\t\t\t\t<\/div>\n\t\t\t\t<\/div>\n\t\t","protected":false},"excerpt":{"rendered":"<p>La Empresa \u00bfQui\u00e9nes somos? NOMINAUREA es una empresa de contables, gestores de recursos humanos y economistas con una amplia y probada experiencia desde 2006 en la prestaci\u00f3n de servicios de contabilidad, fiscalidad y recursos humanos, con oficinas en Lisboa y Oporto, inscrita en el Registro Mercantil de Lisboa. Como sociedad de contabilidad, estamos debidamente inscritos [&hellip;]<\/p>\n","protected":false},"author":1,"featured_media":0,"parent":0,"menu_order":0,"comment_status":"closed","ping_status":"closed","template":"","meta":{"footnotes":""},"class_list":["post-1688","page","type-page","status-publish","hentry"],"_links":{"self":[{"href":"https:\/\/www.nominaurea.pt\/es\/wp-json\/wp\/v2\/pages\/1688","targetHints":{"allow":["GET"]}}],"collection":[{"href":"https:\/\/www.nominaurea.pt\/es\/wp-json\/wp\/v2\/pages"}],"about":[{"href":"https:\/\/www.nominaurea.pt\/es\/wp-json\/wp\/v2\/types\/page"}],"author":[{"embeddable":true,"href":"https:\/\/www.nominaurea.pt\/es\/wp-json\/wp\/v2\/users\/1"}],"replies":[{"embeddable":true,"href":"https:\/\/www.nominaurea.pt\/es\/wp-json\/wp\/v2\/comments?post=1688"}],"version-history":[{"count":25,"href":"https:\/\/www.nominaurea.pt\/es\/wp-json\/wp\/v2\/pages\/1688\/revisions"}],"predecessor-version":[{"id":4024,"href":"https:\/\/www.nominaurea.pt\/es\/wp-json\/wp\/v2\/pages\/1688\/revisions\/4024"}],"wp:attachment":[{"href":"https:\/\/www.nominaurea.pt\/es\/wp-json\/wp\/v2\/media?parent=1688"}],"curies":[{"name":"wp","href":"https:\/\/api.w.org\/{rel}","templated":true}]}}