{"id":1663,"date":"2025-09-18T13:28:43","date_gmt":"2025-09-18T13:28:43","guid":{"rendered":"https:\/\/www.nominaurea.pt\/contabilidade\/"},"modified":"2025-10-29T10:11:48","modified_gmt":"2025-10-29T10:11:48","slug":"contabilidad","status":"publish","type":"page","link":"https:\/\/www.nominaurea.pt\/es\/contabilidad\/","title":{"rendered":"Contabilidad"},"content":{"rendered":"\t\t<div data-elementor-type=\"wp-page\" data-elementor-id=\"1663\" class=\"elementor elementor-1663 elementor-1262\" data-elementor-post-type=\"page\">\n\t\t\t\t<div class=\"elementor-element elementor-element-3a37783b e-flex e-con-boxed e-con e-parent\" data-id=\"3a37783b\" data-element_type=\"container\" data-e-type=\"container\" data-settings=\"{&quot;background_background&quot;:&quot;classic&quot;}\">\n\t\t\t\t\t<div class=\"e-con-inner\">\n\t\t\t\t<div class=\"elementor-element elementor-element-60ac3eef elementor-widget elementor-widget-heading\" data-id=\"60ac3eef\" data-element_type=\"widget\" data-e-type=\"widget\" data-widget_type=\"heading.default\">\n\t\t\t\t\t<h1 class=\"elementor-heading-title elementor-size-default\">Contabilidad\n<\/h1>\t\t\t\t<\/div>\n\t\t\t\t\t<\/div>\n\t\t\t\t<\/div>\n\t\t<div class=\"elementor-element elementor-element-251ff25a e-flex e-con-boxed e-con e-parent\" data-id=\"251ff25a\" data-element_type=\"container\" data-e-type=\"container\">\n\t\t\t\t\t<div class=\"e-con-inner\">\n\t\t\t\t<div class=\"elementor-element elementor-element-5d6ed07a elementor-widget elementor-widget-heading\" data-id=\"5d6ed07a\" data-element_type=\"widget\" data-e-type=\"widget\" data-widget_type=\"heading.default\">\n\t\t\t\t\t<h2 class=\"elementor-heading-title elementor-size-default\">Mucho m\u00e1s que cumplir obligaciones legales: ofrecemos informaci\u00f3n fiable, organizada y estrat\u00e9gica para apoyar sus decisiones.\n<\/h2>\t\t\t\t<\/div>\n\t\t<div class=\"elementor-element elementor-element-3542cbf8 e-con-full e-flex e-con e-child\" data-id=\"3542cbf8\" data-element_type=\"container\" data-e-type=\"container\">\n\t\t\t\t<div class=\"elementor-element elementor-element-61fd5b9b elementor-widget elementor-widget-text-editor\" data-id=\"61fd5b9b\" data-element_type=\"widget\" data-e-type=\"widget\" data-widget_type=\"text-editor.default\">\n\t\t\t\t\t\t\t\t\t<p>En Nominaurea, garantizamos una contabilidad precisa, rigurosa y conforme al\u00a0<strong>Sistema\u00a0<\/strong><strong>de Normalizaci\u00f3n Contable (SNC)<\/strong>\u00a0y a las\u00a0<strong>Normas Internacionales de Contabilidad\u00a0<\/strong><strong>(NIC\/NIIF)<\/strong>, asegurada por un equipo de Contables Certificados con amplia experiencia y conocimiento del mercado portugu\u00e9s e ib\u00e9rico.<\/p>\t\t\t\t\t\t\t\t<\/div>\n\t\t\t\t<\/div>\n\t\t\t\t\t<\/div>\n\t\t\t\t<\/div>\n\t\t<div class=\"elementor-element elementor-element-15fbb64d e-flex e-con-boxed e-con e-parent\" data-id=\"15fbb64d\" data-element_type=\"container\" data-e-type=\"container\">\n\t\t\t\t\t<div class=\"e-con-inner\">\n\t\t\t\t<div class=\"elementor-element elementor-element-4ca96378 elementor-widget elementor-widget-heading\" data-id=\"4ca96378\" data-element_type=\"widget\" data-e-type=\"widget\" data-widget_type=\"heading.default\">\n\t\t\t\t\t<h2 class=\"elementor-heading-title elementor-size-default\">Nuestros servicios incluyen<\/h2>\t\t\t\t<\/div>\n\t\t\t\t\t<\/div>\n\t\t\t\t<\/div>\n\t\t<div class=\"elementor-element elementor-element-72290459 e-flex e-con-boxed e-con e-parent\" data-id=\"72290459\" data-element_type=\"container\" data-e-type=\"container\">\n\t\t\t\t\t<div class=\"e-con-inner\">\n\t\t<div class=\"elementor-element elementor-element-65310c2c e-con-full e-flex e-con e-child\" data-id=\"65310c2c\" data-element_type=\"container\" data-e-type=\"container\" data-settings=\"{&quot;background_background&quot;:&quot;classic&quot;}\">\n\t\t\t\t<div class=\"elementor-element elementor-element-3e793976 elementor-widget elementor-widget-heading\" data-id=\"3e793976\" data-element_type=\"widget\" data-e-type=\"widget\" data-widget_type=\"heading.default\">\n\t\t\t\t\t<h2 class=\"elementor-heading-title elementor-size-default\">Clasificaci\u00f3n y registro contable de documentos<\/h2>\t\t\t\t<\/div>\n\t\t\t\t<div class=\"elementor-element elementor-element-593483f1 elementor-widget elementor-widget-text-editor\" data-id=\"593483f1\" data-element_type=\"widget\" data-e-type=\"widget\" data-widget_type=\"text-editor.default\">\n\t\t\t\t\t\t\t\t\t<p>Tratamiento completo de las operaciones financieras de la empresa, con registros<br \/>realizados en software certificado, propio o del cliente<\/p>\t\t\t\t\t\t\t\t<\/div>\n\t\t\t\t<\/div>\n\t\t<div class=\"elementor-element elementor-element-4f02880d e-con-full e-flex e-con e-child\" data-id=\"4f02880d\" data-element_type=\"container\" data-e-type=\"container\" data-settings=\"{&quot;background_background&quot;:&quot;classic&quot;}\">\n\t\t\t\t<div class=\"elementor-element elementor-element-4b714e55 elementor-widget elementor-widget-heading\" data-id=\"4b714e55\" data-element_type=\"widget\" data-e-type=\"widget\" data-widget_type=\"heading.default\">\n\t\t\t\t\t<h2 class=\"elementor-heading-title elementor-size-default\">Gesti\u00f3n de activos fijos tangibles e intangibles<\/h2>\t\t\t\t<\/div>\n\t\t\t\t<div class=\"elementor-element elementor-element-220bf443 elementor-widget elementor-widget-text-editor\" data-id=\"220bf443\" data-element_type=\"widget\" data-e-type=\"widget\" data-widget_type=\"text-editor.default\">\n\t\t\t\t\t\t\t\t\t<p>Registro individualizado de los activos, elaboraci\u00f3n de los cuadros legales de<br \/>amortizaciones, reevaluaciones, bajas y plusval\u00edas\/minusval\u00edas.<\/p>\t\t\t\t\t\t\t\t<\/div>\n\t\t\t\t<\/div>\n\t\t<div class=\"elementor-element elementor-element-21b89a6b e-con-full e-flex e-con e-child\" data-id=\"21b89a6b\" data-element_type=\"container\" data-e-type=\"container\" data-settings=\"{&quot;background_background&quot;:&quot;classic&quot;}\">\n\t\t\t\t<div class=\"elementor-element elementor-element-5d610e4d elementor-widget elementor-widget-heading\" data-id=\"5d610e4d\" data-element_type=\"widget\" data-e-type=\"widget\" data-widget_type=\"heading.default\">\n\t\t\t\t\t<h2 class=\"elementor-heading-title elementor-size-default\">Informes financieros peri\u00f3dicos<\/h2>\t\t\t\t<\/div>\n\t\t\t\t<div class=\"elementor-element elementor-element-6dcad7e3 elementor-widget elementor-widget-text-editor\" data-id=\"6dcad7e3\" data-element_type=\"widget\" data-e-type=\"widget\" data-widget_type=\"text-editor.default\">\n\t\t\t\t\t\t\t\t\t<p>Elaboraci\u00f3n y disponibilidad de balances de comprobaci\u00f3n, balances generales, cuentas<br \/>de resultados, estados de flujos de efectivo y anexos contables \u2014mensuales, trimestrales<br \/>y anuales\u2014 adaptados a la realidad de cada negocio.<\/p>\t\t\t\t\t\t\t\t<\/div>\n\t\t\t\t<\/div>\n\t\t<div class=\"elementor-element elementor-element-4637384c e-con-full e-flex e-con e-child\" data-id=\"4637384c\" data-element_type=\"container\" data-e-type=\"container\" data-settings=\"{&quot;background_background&quot;:&quot;classic&quot;}\">\n\t\t\t\t<div class=\"elementor-element elementor-element-711603f9 elementor-widget elementor-widget-heading\" data-id=\"711603f9\" data-element_type=\"widget\" data-e-type=\"widget\" data-widget_type=\"heading.default\">\n\t\t\t\t\t<h2 class=\"elementor-heading-title elementor-size-default\">Acompa\u00f1amiento t\u00e9cnico especializado<\/h2>\t\t\t\t<\/div>\n\t\t\t\t<div class=\"elementor-element elementor-element-19b2d2a9 elementor-widget elementor-widget-text-editor\" data-id=\"19b2d2a9\" data-element_type=\"widget\" data-e-type=\"widget\" data-widget_type=\"text-editor.default\">\n\t\t\t\t\t\t\t\t\t<p>En Portugal, la figura del Contable Certificado adquiere especial relevancia al ser un interlocutor privilegiado y obligatorio entre las empresas y la Autoridad Tributaria. As\u00ed, todos los contribuyentes que deseen iniciar una actividad en Portugal est\u00e1n obligados a recurrir a los servicios de un Contable Certificado debidamente acreditado por la Orden de los Contables Certificados (OCC).<\/p>\t\t\t\t\t\t\t\t<\/div>\n\t\t\t\t<\/div>\n\t\t\t\t\t<\/div>\n\t\t\t\t<\/div>\n\t\t<div class=\"elementor-element elementor-element-6764e5d6 e-flex e-con-boxed e-con e-parent\" data-id=\"6764e5d6\" data-element_type=\"container\" data-e-type=\"container\">\n\t\t\t\t\t<div class=\"e-con-inner\">\n\t\t\t\t<div class=\"elementor-element elementor-element-2ad55151 elementor-widget elementor-widget-heading\" data-id=\"2ad55151\" data-element_type=\"widget\" data-e-type=\"widget\" data-widget_type=\"heading.default\">\n\t\t\t\t\t<h2 class=\"elementor-heading-title elementor-size-default\">Beneficios para su empresa<\/h2>\t\t\t\t<\/div>\n\t\t\t\t\t<\/div>\n\t\t\t\t<\/div>\n\t\t<div class=\"elementor-element elementor-element-49c9040 e-flex e-con-boxed e-con e-parent\" data-id=\"49c9040\" data-element_type=\"container\" data-e-type=\"container\">\n\t\t\t\t\t<div class=\"e-con-inner\">\n\t\t<div class=\"elementor-element elementor-element-14f8a092 e-con-full e-flex e-con e-child\" data-id=\"14f8a092\" data-element_type=\"container\" data-e-type=\"container\" data-settings=\"{&quot;background_background&quot;:&quot;classic&quot;}\">\n\t\t<div class=\"elementor-element elementor-element-695830cf e-con-full e-flex e-con e-child\" data-id=\"695830cf\" data-element_type=\"container\" data-e-type=\"container\">\n\t\t\t\t<div class=\"elementor-element elementor-element-7cfcefee elementor-widget elementor-widget-heading\" data-id=\"7cfcefee\" data-element_type=\"widget\" data-e-type=\"widget\" data-widget_type=\"heading.default\">\n\t\t\t\t\t<h2 class=\"elementor-heading-title elementor-size-default\">Informaci\u00f3n contable transparente y actualizada<\/h2>\t\t\t\t<\/div>\n\t\t\t\t<div class=\"elementor-element elementor-element-160e7039 elementor-widget elementor-widget-heading\" data-id=\"160e7039\" data-element_type=\"widget\" data-e-type=\"widget\" data-widget_type=\"heading.default\">\n\t\t\t\t\t<h2 class=\"elementor-heading-title elementor-size-default\">Rigor en el cumplimiento de las obligaciones legales<\/h2>\t\t\t\t<\/div>\n\t\t\t\t<div class=\"elementor-element elementor-element-5f93e64f elementor-widget elementor-widget-heading\" data-id=\"5f93e64f\" data-element_type=\"widget\" data-e-type=\"widget\" data-widget_type=\"heading.default\">\n\t\t\t\t\t<h2 class=\"elementor-heading-title elementor-size-default\">Soporte t\u00e9cnico permanente<\/h2>\t\t\t\t<\/div>\n\t\t\t\t<div class=\"elementor-element elementor-element-43a47436 elementor-widget elementor-widget-heading\" data-id=\"43a47436\" data-element_type=\"widget\" data-e-type=\"widget\" data-widget_type=\"heading.default\">\n\t\t\t\t\t<h2 class=\"elementor-heading-title elementor-size-default\">Optimizaci\u00f3n de la gesti\u00f3n financiera<\/h2>\t\t\t\t<\/div>\n\t\t\t\t<\/div>\n\t\t\t\t<\/div>\n\t\t\t\t<div class=\"elementor-element elementor-element-5b0548c1 elementor-widget elementor-widget-image\" data-id=\"5b0548c1\" data-element_type=\"widget\" data-e-type=\"widget\" data-widget_type=\"image.default\">\n\t\t\t\t\t\t\t\t\t\t\t\t\t\t\t<img fetchpriority=\"high\" decoding=\"async\" width=\"800\" height=\"640\" src=\"https:\/\/www.nominaurea.pt\/wp-content\/uploads\/2025\/10\/wmremove-transformed-1-3-1-1024x819.png\" class=\"attachment-large size-large wp-image-3531\" alt=\"\" srcset=\"https:\/\/www.nominaurea.pt\/wp-content\/uploads\/2025\/10\/wmremove-transformed-1-3-1-1024x819.png 1024w, https:\/\/www.nominaurea.pt\/wp-content\/uploads\/2025\/10\/wmremove-transformed-1-3-1-300x240.png 300w, https:\/\/www.nominaurea.pt\/wp-content\/uploads\/2025\/10\/wmremove-transformed-1-3-1-768x614.png 768w, https:\/\/www.nominaurea.pt\/wp-content\/uploads\/2025\/10\/wmremove-transformed-1-3-1.png 1320w\" sizes=\"(max-width: 800px) 100vw, 800px\" \/>\t\t\t\t\t\t\t\t\t\t\t\t\t\t\t<\/div>\n\t\t\t\t\t<\/div>\n\t\t\t\t<\/div>\n\t\t\t\t<\/div>\n\t\t","protected":false},"excerpt":{"rendered":"<p>Contabilidad Mucho m\u00e1s que cumplir obligaciones legales: ofrecemos informaci\u00f3n fiable, organizada y estrat\u00e9gica para apoyar sus decisiones. En Nominaurea, garantizamos una contabilidad precisa, rigurosa y conforme al\u00a0Sistema\u00a0de Normalizaci\u00f3n Contable (SNC)\u00a0y a las\u00a0Normas Internacionales de Contabilidad\u00a0(NIC\/NIIF), asegurada por un equipo de Contables Certificados con amplia experiencia y conocimiento del mercado portugu\u00e9s e ib\u00e9rico. Nuestros servicios incluyen [&hellip;]<\/p>\n","protected":false},"author":1,"featured_media":0,"parent":0,"menu_order":0,"comment_status":"closed","ping_status":"closed","template":"","meta":{"footnotes":""},"class_list":["post-1663","page","type-page","status-publish","hentry"],"_links":{"self":[{"href":"https:\/\/www.nominaurea.pt\/es\/wp-json\/wp\/v2\/pages\/1663","targetHints":{"allow":["GET"]}}],"collection":[{"href":"https:\/\/www.nominaurea.pt\/es\/wp-json\/wp\/v2\/pages"}],"about":[{"href":"https:\/\/www.nominaurea.pt\/es\/wp-json\/wp\/v2\/types\/page"}],"author":[{"embeddable":true,"href":"https:\/\/www.nominaurea.pt\/es\/wp-json\/wp\/v2\/users\/1"}],"replies":[{"embeddable":true,"href":"https:\/\/www.nominaurea.pt\/es\/wp-json\/wp\/v2\/comments?post=1663"}],"version-history":[{"count":22,"href":"https:\/\/www.nominaurea.pt\/es\/wp-json\/wp\/v2\/pages\/1663\/revisions"}],"predecessor-version":[{"id":3536,"href":"https:\/\/www.nominaurea.pt\/es\/wp-json\/wp\/v2\/pages\/1663\/revisions\/3536"}],"wp:attachment":[{"href":"https:\/\/www.nominaurea.pt\/es\/wp-json\/wp\/v2\/media?parent=1663"}],"curies":[{"name":"wp","href":"https:\/\/api.w.org\/{rel}","templated":true}]}}