{"id":1655,"date":"2025-09-22T14:50:42","date_gmt":"2025-09-22T14:50:42","guid":{"rendered":"https:\/\/www.nominaurea.pt\/consultoria-financeira-e-gestao\/"},"modified":"2025-12-19T09:05:02","modified_gmt":"2025-12-19T09:05:02","slug":"consultoria-financiera-y-gestion","status":"publish","type":"page","link":"https:\/\/www.nominaurea.pt\/es\/consultoria-financiera-y-gestion\/","title":{"rendered":"Consultor\u00eda Financiera y de Gesti\u00f3n"},"content":{"rendered":"\t\t<div data-elementor-type=\"wp-page\" data-elementor-id=\"1655\" class=\"elementor elementor-1655 elementor-1298\" data-elementor-post-type=\"page\">\n\t\t\t\t<div class=\"elementor-element elementor-element-831f54b e-flex e-con-boxed e-con e-parent\" data-id=\"831f54b\" data-element_type=\"container\" data-e-type=\"container\" data-settings=\"{&quot;background_background&quot;:&quot;classic&quot;}\">\n\t\t\t\t\t<div class=\"e-con-inner\">\n\t\t\t\t<div class=\"elementor-element elementor-element-4dcf5a6d elementor-widget elementor-widget-heading\" data-id=\"4dcf5a6d\" data-element_type=\"widget\" data-e-type=\"widget\" data-widget_type=\"heading.default\">\n\t\t\t\t\t<h1 class=\"elementor-heading-title elementor-size-default\">Consultor\u00eda Financiera y de Gesti\u00f3n<\/h1>\t\t\t\t<\/div>\n\t\t\t\t\t<\/div>\n\t\t\t\t<\/div>\n\t\t<div class=\"elementor-element elementor-element-6a6d29 e-flex e-con-boxed e-con e-parent\" data-id=\"6a6d29\" data-element_type=\"container\" data-e-type=\"container\">\n\t\t\t\t\t<div class=\"e-con-inner\">\n\t\t\t\t<div class=\"elementor-element elementor-element-331a974b elementor-widget elementor-widget-heading\" data-id=\"331a974b\" data-element_type=\"widget\" data-e-type=\"widget\" data-widget_type=\"heading.default\">\n\t\t\t\t\t<h2 class=\"elementor-heading-title elementor-size-default\">Planificaci\u00f3n inteligente, decisiones seguras: le damos las herramientas adecuadas para crecer.<\/h2>\t\t\t\t<\/div>\n\t\t<div class=\"elementor-element elementor-element-2c8507d e-con-full e-flex e-con e-child\" data-id=\"2c8507d\" data-element_type=\"container\" data-e-type=\"container\">\n\t\t\t\t<div class=\"elementor-element elementor-element-777761fd elementor-widget elementor-widget-text-editor\" data-id=\"777761fd\" data-element_type=\"widget\" data-e-type=\"widget\" data-widget_type=\"text-editor.default\">\n\t\t\t\t\t\t\t\t\t<p>Apoyamos a nuestros clientes en el an\u00e1lisis, la planificaci\u00f3n y la ejecuci\u00f3n de su estrategia financiera y de gesti\u00f3n. Ofrecemos una visi\u00f3n clara de los n\u00fameros del negocio y ayudamos a transformarlos en acciones concretas.<\/p>\t\t\t\t\t\t\t\t<\/div>\n\t\t\t\t<\/div>\n\t\t\t\t\t<\/div>\n\t\t\t\t<\/div>\n\t\t<div class=\"elementor-element elementor-element-22d130d1 e-flex e-con-boxed e-con e-parent\" data-id=\"22d130d1\" data-element_type=\"container\" data-e-type=\"container\">\n\t\t\t\t\t<div class=\"e-con-inner\">\n\t\t\t\t<div class=\"elementor-element elementor-element-2e03a4a5 elementor-widget elementor-widget-heading\" data-id=\"2e03a4a5\" data-element_type=\"widget\" data-e-type=\"widget\" data-widget_type=\"heading.default\">\n\t\t\t\t\t<h2 class=\"elementor-heading-title elementor-size-default\">Consultor\u00eda Financiera<\/h2>\t\t\t\t<\/div>\n\t\t\t\t\t<\/div>\n\t\t\t\t<\/div>\n\t\t<div class=\"elementor-element elementor-element-2a21a34a e-flex e-con-boxed e-con e-parent\" data-id=\"2a21a34a\" data-element_type=\"container\" data-e-type=\"container\">\n\t\t\t\t\t<div class=\"e-con-inner\">\n\t\t<div class=\"elementor-element elementor-element-2cad323a e-con-full e-flex e-con e-child\" data-id=\"2cad323a\" data-element_type=\"container\" data-e-type=\"container\" data-settings=\"{&quot;background_background&quot;:&quot;classic&quot;}\">\n\t\t\t\t<div class=\"elementor-element elementor-element-61674353 elementor-widget elementor-widget-image\" data-id=\"61674353\" data-element_type=\"widget\" data-e-type=\"widget\" data-widget_type=\"image.default\">\n\t\t\t\t\t\t\t\t\t\t\t\t\t\t\t<img fetchpriority=\"high\" decoding=\"async\" width=\"683\" height=\"1024\" src=\"https:\/\/www.nominaurea.pt\/wp-content\/uploads\/2025\/10\/building-image-scaled-1-683x1024.jpg\" class=\"attachment-large size-large wp-image-3617\" alt=\"\" srcset=\"https:\/\/www.nominaurea.pt\/wp-content\/uploads\/2025\/10\/building-image-scaled-1-683x1024.jpg 683w, https:\/\/www.nominaurea.pt\/wp-content\/uploads\/2025\/10\/building-image-scaled-1-200x300.jpg 200w, https:\/\/www.nominaurea.pt\/wp-content\/uploads\/2025\/10\/building-image-scaled-1-768x1152.jpg 768w, https:\/\/www.nominaurea.pt\/wp-content\/uploads\/2025\/10\/building-image-scaled-1-1024x1536.jpg 1024w, https:\/\/www.nominaurea.pt\/wp-content\/uploads\/2025\/10\/building-image-scaled-1-1366x2048.jpg 1366w, https:\/\/www.nominaurea.pt\/wp-content\/uploads\/2025\/10\/building-image-scaled-1.jpg 1707w\" sizes=\"(max-width: 683px) 100vw, 683px\" \/>\t\t\t\t\t\t\t\t\t\t\t\t\t\t\t<\/div>\n\t\t\t\t<\/div>\n\t\t<div class=\"elementor-element elementor-element-6eff61ec e-con-full e-flex e-con e-child\" data-id=\"6eff61ec\" data-element_type=\"container\" data-e-type=\"container\">\n\t\t<div class=\"elementor-element elementor-element-2765dc94 e-con-full e-flex e-con e-child\" data-id=\"2765dc94\" data-element_type=\"container\" data-e-type=\"container\">\n\t\t<div class=\"elementor-element elementor-element-4b57df92 e-con-full e-flex e-con e-child\" data-id=\"4b57df92\" data-element_type=\"container\" data-e-type=\"container\">\n\t\t\t\t<div class=\"elementor-element elementor-element-c747b3d elementor-widget elementor-widget-heading\" data-id=\"c747b3d\" data-element_type=\"widget\" data-e-type=\"widget\" data-widget_type=\"heading.default\">\n\t\t\t\t\t<h2 class=\"elementor-heading-title elementor-size-default\">Diagn\u00f3stico econ\u00f3mico-financiero<\/h2>\t\t\t\t<\/div>\n\t\t\t\t<\/div>\n\t\t<div class=\"elementor-element elementor-element-32e16f01 e-con-full e-flex e-con e-child\" data-id=\"32e16f01\" data-element_type=\"container\" data-e-type=\"container\">\n\t\t\t\t<div class=\"elementor-element elementor-element-622bed2d elementor-widget elementor-widget-heading\" data-id=\"622bed2d\" data-element_type=\"widget\" data-e-type=\"widget\" data-widget_type=\"heading.default\">\n\t\t\t\t\t<h2 class=\"elementor-heading-title elementor-size-default\">Estudio y reestructuraci\u00f3n de empresas<\/h2>\t\t\t\t<\/div>\n\t\t\t\t<\/div>\n\t\t<div class=\"elementor-element elementor-element-26db00ef e-con-full e-flex e-con e-child\" data-id=\"26db00ef\" data-element_type=\"container\" data-e-type=\"container\">\n\t\t\t\t<div class=\"elementor-element elementor-element-46b256fb elementor-widget elementor-widget-heading\" data-id=\"46b256fb\" data-element_type=\"widget\" data-e-type=\"widget\" data-widget_type=\"heading.default\">\n\t\t\t\t\t<h2 class=\"elementor-heading-title elementor-size-default\">An\u00e1lisis de viabilidad de proyectos de inversi\u00f3n<\/h2>\t\t\t\t<\/div>\n\t\t\t\t<\/div>\n\t\t<div class=\"elementor-element elementor-element-406c1943 e-con-full e-flex e-con e-child\" data-id=\"406c1943\" data-element_type=\"container\" data-e-type=\"container\">\n\t\t\t\t<div class=\"elementor-element elementor-element-33b6ef90 elementor-widget elementor-widget-heading\" data-id=\"33b6ef90\" data-element_type=\"widget\" data-e-type=\"widget\" data-widget_type=\"heading.default\">\n\t\t\t\t\t<h2 class=\"elementor-heading-title elementor-size-default\">Apoyo en la negociaci\u00f3n de financiaci\u00f3n<\/h2>\t\t\t\t<\/div>\n\t\t\t\t<\/div>\n\t\t<div class=\"elementor-element elementor-element-6c1e20f5 e-con-full e-flex e-con e-child\" data-id=\"6c1e20f5\" data-element_type=\"container\" data-e-type=\"container\">\n\t\t\t\t<div class=\"elementor-element elementor-element-46aeffaf elementor-widget elementor-widget-heading\" data-id=\"46aeffaf\" data-element_type=\"widget\" data-e-type=\"widget\" data-widget_type=\"heading.default\">\n\t\t\t\t\t<h2 class=\"elementor-heading-title elementor-size-default\">Elaboraci\u00f3n de informes financieros y de gesti\u00f3n<\/h2>\t\t\t\t<\/div>\n\t\t\t\t<\/div>\n\t\t\t\t<\/div>\n\t\t\t\t<\/div>\n\t\t\t\t\t<\/div>\n\t\t\t\t<\/div>\n\t\t<div class=\"elementor-element elementor-element-3991b44a e-flex e-con-boxed e-con e-parent\" data-id=\"3991b44a\" data-element_type=\"container\" data-e-type=\"container\">\n\t\t\t\t\t<div class=\"e-con-inner\">\n\t\t\t\t<div class=\"elementor-element elementor-element-48815d9b elementor-widget elementor-widget-heading\" data-id=\"48815d9b\" data-element_type=\"widget\" data-e-type=\"widget\" data-widget_type=\"heading.default\">\n\t\t\t\t\t<h2 class=\"elementor-heading-title elementor-size-default\">Consultor\u00eda de Gesti\u00f3n<\/h2>\t\t\t\t<\/div>\n\t\t\t\t\t<\/div>\n\t\t\t\t<\/div>\n\t\t<div class=\"elementor-element elementor-element-7859f694 e-flex e-con-boxed e-con e-parent\" data-id=\"7859f694\" data-element_type=\"container\" data-e-type=\"container\">\n\t\t\t\t\t<div class=\"e-con-inner\">\n\t\t<div class=\"elementor-element elementor-element-5b802041 e-con-full e-flex e-con e-child\" data-id=\"5b802041\" data-element_type=\"container\" data-e-type=\"container\">\n\t\t<div class=\"elementor-element elementor-element-3181d503 e-con-full e-flex e-con e-child\" data-id=\"3181d503\" data-element_type=\"container\" data-e-type=\"container\">\n\t\t<div class=\"elementor-element elementor-element-2afa1946 e-con-full e-flex e-con e-child\" data-id=\"2afa1946\" data-element_type=\"container\" data-e-type=\"container\">\n\t\t\t\t<div class=\"elementor-element elementor-element-39bfd86a elementor-widget elementor-widget-heading\" data-id=\"39bfd86a\" data-element_type=\"widget\" data-e-type=\"widget\" data-widget_type=\"heading.default\">\n\t\t\t\t\t<h2 class=\"elementor-heading-title elementor-size-default\">Apoyo al inicio de actividad y estructuraci\u00f3n empresarial<\/h2>\t\t\t\t<\/div>\n\t\t\t\t<\/div>\n\t\t<div class=\"elementor-element elementor-element-4d06a3da e-con-full e-flex e-con e-child\" data-id=\"4d06a3da\" data-element_type=\"container\" data-e-type=\"container\">\n\t\t\t\t<div class=\"elementor-element elementor-element-dee756d elementor-widget elementor-widget-heading\" data-id=\"dee756d\" data-element_type=\"widget\" data-e-type=\"widget\" data-widget_type=\"heading.default\">\n\t\t\t\t\t<h2 class=\"elementor-heading-title elementor-size-default\">Implementaci\u00f3n de sistemas de control interno<\/h2>\t\t\t\t<\/div>\n\t\t\t\t<\/div>\n\t\t<div class=\"elementor-element elementor-element-38532a04 e-con-full e-flex e-con e-child\" data-id=\"38532a04\" data-element_type=\"container\" data-e-type=\"container\">\n\t\t\t\t<div class=\"elementor-element elementor-element-3bcef271 elementor-widget elementor-widget-heading\" data-id=\"3bcef271\" data-element_type=\"widget\" data-e-type=\"widget\" data-widget_type=\"heading.default\">\n\t\t\t\t\t<h2 class=\"elementor-heading-title elementor-size-default\">An\u00e1lisis contable estrat\u00e9gico<\/h2>\t\t\t\t<\/div>\n\t\t\t\t<\/div>\n\t\t<div class=\"elementor-element elementor-element-2969dbf e-con-full e-flex e-con e-child\" data-id=\"2969dbf\" data-element_type=\"container\" data-e-type=\"container\">\n\t\t\t\t<div class=\"elementor-element elementor-element-39c36e03 elementor-widget elementor-widget-heading\" data-id=\"39c36e03\" data-element_type=\"widget\" data-e-type=\"widget\" data-widget_type=\"heading.default\">\n\t\t\t\t\t<h2 class=\"elementor-heading-title elementor-size-default\">Preparaci\u00f3n de indicadores de rendimiento<\/h2>\t\t\t\t<\/div>\n\t\t\t\t<\/div>\n\t\t<div class=\"elementor-element elementor-element-10901d00 e-con-full e-flex e-con e-child\" data-id=\"10901d00\" data-element_type=\"container\" data-e-type=\"container\">\n\t\t\t\t<div class=\"elementor-element elementor-element-291ff5a1 elementor-widget elementor-widget-heading\" data-id=\"291ff5a1\" data-element_type=\"widget\" data-e-type=\"widget\" data-widget_type=\"heading.default\">\n\t\t\t\t\t<h2 class=\"elementor-heading-title elementor-size-default\">Apoyo en negociaciones con bancos, proveedores y clientes\n<\/h2>\t\t\t\t<\/div>\n\t\t\t\t<\/div>\n\t\t\t\t<\/div>\n\t\t\t\t<\/div>\n\t\t<div class=\"elementor-element elementor-element-3342a4f9 e-con-full e-flex e-con e-child\" data-id=\"3342a4f9\" data-element_type=\"container\" data-e-type=\"container\" data-settings=\"{&quot;background_background&quot;:&quot;classic&quot;}\">\n\t\t\t\t<\/div>\n\t\t\t\t\t<\/div>\n\t\t\t\t<\/div>\n\t\t\t\t<\/div>\n\t\t","protected":false},"excerpt":{"rendered":"<p>Consultor\u00eda Financiera y de Gesti\u00f3n Planificaci\u00f3n inteligente, decisiones seguras: le damos las herramientas adecuadas para crecer. Apoyamos a nuestros clientes en el an\u00e1lisis, la planificaci\u00f3n y la ejecuci\u00f3n de su estrategia financiera y de gesti\u00f3n. Ofrecemos una visi\u00f3n clara de los n\u00fameros del negocio y ayudamos a transformarlos en acciones concretas. Consultor\u00eda Financiera Diagn\u00f3stico econ\u00f3mico-financiero [&hellip;]<\/p>\n","protected":false},"author":1,"featured_media":0,"parent":0,"menu_order":0,"comment_status":"closed","ping_status":"closed","template":"","meta":{"footnotes":""},"class_list":["post-1655","page","type-page","status-publish","hentry"],"_links":{"self":[{"href":"https:\/\/www.nominaurea.pt\/es\/wp-json\/wp\/v2\/pages\/1655","targetHints":{"allow":["GET"]}}],"collection":[{"href":"https:\/\/www.nominaurea.pt\/es\/wp-json\/wp\/v2\/pages"}],"about":[{"href":"https:\/\/www.nominaurea.pt\/es\/wp-json\/wp\/v2\/types\/page"}],"author":[{"embeddable":true,"href":"https:\/\/www.nominaurea.pt\/es\/wp-json\/wp\/v2\/users\/1"}],"replies":[{"embeddable":true,"href":"https:\/\/www.nominaurea.pt\/es\/wp-json\/wp\/v2\/comments?post=1655"}],"version-history":[{"count":20,"href":"https:\/\/www.nominaurea.pt\/es\/wp-json\/wp\/v2\/pages\/1655\/revisions"}],"predecessor-version":[{"id":4426,"href":"https:\/\/www.nominaurea.pt\/es\/wp-json\/wp\/v2\/pages\/1655\/revisions\/4426"}],"wp:attachment":[{"href":"https:\/\/www.nominaurea.pt\/es\/wp-json\/wp\/v2\/media?parent=1655"}],"curies":[{"name":"wp","href":"https:\/\/api.w.org\/{rel}","templated":true}]}}